{"id":4775,"date":"2023-05-16T11:50:08","date_gmt":"2023-05-16T11:50:08","guid":{"rendered":"https:\/\/www.dktrnava.sk\/?page_id=4775"},"modified":"2023-05-16T11:50:10","modified_gmt":"2023-05-16T11:50:10","slug":"zlatnictvo-monty","status":"publish","type":"page","link":"https:\/\/www.dktrnava.sk\/?page_id=4775","title":{"rendered":"Zlatn\u00edctvo Monty"},"content":{"rendered":"\n<figure class=\"wp-block-gallery has-nested-images columns-4 is-cropped wp-block-gallery-1 is-layout-flex wp-block-gallery-is-layout-flex\">\n<figure class=\"wp-block-image size-large\"><img loading=\"lazy\" decoding=\"async\" width=\"1024\" height=\"683\" data-id=\"4778\" src=\"https:\/\/www.dktrnava.sk\/wp-content\/uploads\/2023\/05\/CH3A8597_ToneMapping-1024x683.jpg\" alt=\"\" class=\"wp-image-4778\" srcset=\"https:\/\/www.dktrnava.sk\/wp-content\/uploads\/2023\/05\/CH3A8597_ToneMapping-1024x683.jpg 1024w, https:\/\/www.dktrnava.sk\/wp-content\/uploads\/2023\/05\/CH3A8597_ToneMapping-300x200.jpg 300w, https:\/\/www.dktrnava.sk\/wp-content\/uploads\/2023\/05\/CH3A8597_ToneMapping-768x512.jpg 768w, https:\/\/www.dktrnava.sk\/wp-content\/uploads\/2023\/05\/CH3A8597_ToneMapping-1536x1024.jpg 1536w, https:\/\/www.dktrnava.sk\/wp-content\/uploads\/2023\/05\/CH3A8597_ToneMapping.jpg 1620w\" sizes=\"auto, (max-width: 1024px) 100vw, 1024px\" \/><\/figure>\n\n\n\n<figure class=\"wp-block-image size-large\"><img loading=\"lazy\" decoding=\"async\" width=\"1024\" height=\"683\" data-id=\"4777\" src=\"https:\/\/www.dktrnava.sk\/wp-content\/uploads\/2023\/05\/CH3A8602-1024x683.jpg\" alt=\"\" class=\"wp-image-4777\" srcset=\"https:\/\/www.dktrnava.sk\/wp-content\/uploads\/2023\/05\/CH3A8602-1024x683.jpg 1024w, https:\/\/www.dktrnava.sk\/wp-content\/uploads\/2023\/05\/CH3A8602-300x200.jpg 300w, https:\/\/www.dktrnava.sk\/wp-content\/uploads\/2023\/05\/CH3A8602-768x512.jpg 768w, https:\/\/www.dktrnava.sk\/wp-content\/uploads\/2023\/05\/CH3A8602-1536x1024.jpg 1536w, https:\/\/www.dktrnava.sk\/wp-content\/uploads\/2023\/05\/CH3A8602.jpg 1620w\" sizes=\"auto, (max-width: 1024px) 100vw, 1024px\" \/><\/figure>\n\n\n\n<figure class=\"wp-block-image size-large\"><img loading=\"lazy\" decoding=\"async\" width=\"1024\" height=\"683\" data-id=\"4776\" src=\"https:\/\/www.dktrnava.sk\/wp-content\/uploads\/2023\/05\/CH3A8606_ToneMapping-1024x683.jpg\" alt=\"\" class=\"wp-image-4776\" srcset=\"https:\/\/www.dktrnava.sk\/wp-content\/uploads\/2023\/05\/CH3A8606_ToneMapping-1024x683.jpg 1024w, https:\/\/www.dktrnava.sk\/wp-content\/uploads\/2023\/05\/CH3A8606_ToneMapping-300x200.jpg 300w, https:\/\/www.dktrnava.sk\/wp-content\/uploads\/2023\/05\/CH3A8606_ToneMapping-768x512.jpg 768w, https:\/\/www.dktrnava.sk\/wp-content\/uploads\/2023\/05\/CH3A8606_ToneMapping-1536x1024.jpg 1536w, https:\/\/www.dktrnava.sk\/wp-content\/uploads\/2023\/05\/CH3A8606_ToneMapping.jpg 1620w\" sizes=\"auto, (max-width: 1024px) 100vw, 1024px\" \/><\/figure>\n<\/figure>\n\n\n\n<p><\/p>\n\n\n\n<div class=\"wp-block-buttons is-layout-flex wp-block-buttons-is-layout-flex\">\n<div class=\"wp-block-button\"><a class=\"wp-block-button__link wp-element-button\" href=\"https:\/\/www.dktrnava.sk\/?page_id=2423\">Sp\u00e4\u0165 do N\u00e1kupnej z\u00f3ny<\/a><\/div>\n<\/div>\n\n\n\n<p><\/p>\n","protected":false},"excerpt":{"rendered":"Sp\u00e4\u0165 do N\u00e1kupnej z\u00f3ny","protected":false},"author":2,"featured_media":0,"parent":0,"menu_order":0,"comment_status":"closed","ping_status":"closed","template":"","meta":{"footnotes":""},"class_list":["post-4775","page","type-page","status-publish","hentry"],"yoast_head":"<!-- This site is optimized with the Yoast SEO plugin v22.6 - https:\/\/yoast.com\/wordpress\/plugins\/seo\/ -->\n<title>Zlatn\u00edctvo Monty - DK Trnava<\/title>\n<meta name=\"robots\" content=\"index, follow, max-snippet:-1, max-image-preview:large, max-video-preview:-1\" \/>\n<link rel=\"canonical\" href=\"https:\/\/www.dktrnava.sk\/?page_id=4775\" \/>\n<meta property=\"og:locale\" content=\"sk_SK\" \/>\n<meta property=\"og:type\" content=\"article\" \/>\n<meta property=\"og:title\" content=\"Zlatn\u00edctvo Monty - DK Trnava\" \/>\n<meta property=\"og:url\" content=\"https:\/\/www.dktrnava.sk\/?page_id=4775\" \/>\n<meta property=\"og:site_name\" content=\"DK Trnava\" \/>\n<meta property=\"article:modified_time\" content=\"2023-05-16T11:50:10+00:00\" \/>\n<meta property=\"og:image\" content=\"https:\/\/www.dktrnava.sk\/wp-content\/uploads\/2023\/05\/CH3A8597_ToneMapping-1024x683.jpg\" \/>\n<meta name=\"twitter:card\" content=\"summary_large_image\" \/>\n<script type=\"application\/ld+json\" class=\"yoast-schema-graph\">{\"@context\":\"https:\/\/schema.org\",\"@graph\":[{\"@type\":\"WebPage\",\"@id\":\"https:\/\/www.dktrnava.sk\/?page_id=4775\",\"url\":\"https:\/\/www.dktrnava.sk\/?page_id=4775\",\"name\":\"Zlatn\u00edctvo Monty - DK Trnava\",\"isPartOf\":{\"@id\":\"https:\/\/www.dktrnava.sk\/#website\"},\"primaryImageOfPage\":{\"@id\":\"https:\/\/www.dktrnava.sk\/?page_id=4775#primaryimage\"},\"image\":{\"@id\":\"https:\/\/www.dktrnava.sk\/?page_id=4775#primaryimage\"},\"thumbnailUrl\":\"https:\/\/www.dktrnava.sk\/wp-content\/uploads\/2023\/05\/CH3A8597_ToneMapping-1024x683.jpg\",\"datePublished\":\"2023-05-16T11:50:08+00:00\",\"dateModified\":\"2023-05-16T11:50:10+00:00\",\"breadcrumb\":{\"@id\":\"https:\/\/www.dktrnava.sk\/?page_id=4775#breadcrumb\"},\"inLanguage\":\"sk-SK\",\"potentialAction\":[{\"@type\":\"ReadAction\",\"target\":[\"https:\/\/www.dktrnava.sk\/?page_id=4775\"]}]},{\"@type\":\"ImageObject\",\"inLanguage\":\"sk-SK\",\"@id\":\"https:\/\/www.dktrnava.sk\/?page_id=4775#primaryimage\",\"url\":\"https:\/\/www.dktrnava.sk\/wp-content\/uploads\/2023\/05\/CH3A8597_ToneMapping.jpg\",\"contentUrl\":\"https:\/\/www.dktrnava.sk\/wp-content\/uploads\/2023\/05\/CH3A8597_ToneMapping.jpg\",\"width\":1620,\"height\":1080},{\"@type\":\"BreadcrumbList\",\"@id\":\"https:\/\/www.dktrnava.sk\/?page_id=4775#breadcrumb\",\"itemListElement\":[{\"@type\":\"ListItem\",\"position\":1,\"name\":\"Home\",\"item\":\"https:\/\/www.dktrnava.sk\/\"},{\"@type\":\"ListItem\",\"position\":2,\"name\":\"Zlatn\u00edctvo Monty\"}]},{\"@type\":\"WebSite\",\"@id\":\"https:\/\/www.dktrnava.sk\/#website\",\"url\":\"https:\/\/www.dktrnava.sk\/\",\"name\":\"DK Trnava\",\"description\":\"Dom kult\u00fary Trnava (DK Trnava) je dominantnou s\u00fa\u010das\u0165ou centra mesta od roku 1987. V samotnom centre Trnavy m\u00f4\u017eete pod jednou strechou za\u017ei\u0165 kult\u00farne podujatia najlep\u0161\u00edch slovensk\u00fdch hercov a spev\u00e1kov, nave\u010dera\u0165 sa v jednej z najluxusnej\u0161\u00edch re\u0161taur\u00e1cii v meste alebo vyu\u017ei\u0165 bohat\u00e9 mo\u017enosti n\u00e1kupov a slu\u017eieb.\",\"potentialAction\":[{\"@type\":\"SearchAction\",\"target\":{\"@type\":\"EntryPoint\",\"urlTemplate\":\"https:\/\/www.dktrnava.sk\/?s={search_term_string}\"},\"query-input\":\"required name=search_term_string\"}],\"inLanguage\":\"sk-SK\"}]}<\/script>\n<!-- \/ Yoast SEO plugin. -->","yoast_head_json":{"title":"Zlatn\u00edctvo Monty - DK Trnava","robots":{"index":"index","follow":"follow","max-snippet":"max-snippet:-1","max-image-preview":"max-image-preview:large","max-video-preview":"max-video-preview:-1"},"canonical":"https:\/\/www.dktrnava.sk\/?page_id=4775","og_locale":"sk_SK","og_type":"article","og_title":"Zlatn\u00edctvo Monty - DK Trnava","og_url":"https:\/\/www.dktrnava.sk\/?page_id=4775","og_site_name":"DK Trnava","article_modified_time":"2023-05-16T11:50:10+00:00","og_image":[{"url":"https:\/\/www.dktrnava.sk\/wp-content\/uploads\/2023\/05\/CH3A8597_ToneMapping-1024x683.jpg"}],"twitter_card":"summary_large_image","schema":{"@context":"https:\/\/schema.org","@graph":[{"@type":"WebPage","@id":"https:\/\/www.dktrnava.sk\/?page_id=4775","url":"https:\/\/www.dktrnava.sk\/?page_id=4775","name":"Zlatn\u00edctvo Monty - DK Trnava","isPartOf":{"@id":"https:\/\/www.dktrnava.sk\/#website"},"primaryImageOfPage":{"@id":"https:\/\/www.dktrnava.sk\/?page_id=4775#primaryimage"},"image":{"@id":"https:\/\/www.dktrnava.sk\/?page_id=4775#primaryimage"},"thumbnailUrl":"https:\/\/www.dktrnava.sk\/wp-content\/uploads\/2023\/05\/CH3A8597_ToneMapping-1024x683.jpg","datePublished":"2023-05-16T11:50:08+00:00","dateModified":"2023-05-16T11:50:10+00:00","breadcrumb":{"@id":"https:\/\/www.dktrnava.sk\/?page_id=4775#breadcrumb"},"inLanguage":"sk-SK","potentialAction":[{"@type":"ReadAction","target":["https:\/\/www.dktrnava.sk\/?page_id=4775"]}]},{"@type":"ImageObject","inLanguage":"sk-SK","@id":"https:\/\/www.dktrnava.sk\/?page_id=4775#primaryimage","url":"https:\/\/www.dktrnava.sk\/wp-content\/uploads\/2023\/05\/CH3A8597_ToneMapping.jpg","contentUrl":"https:\/\/www.dktrnava.sk\/wp-content\/uploads\/2023\/05\/CH3A8597_ToneMapping.jpg","width":1620,"height":1080},{"@type":"BreadcrumbList","@id":"https:\/\/www.dktrnava.sk\/?page_id=4775#breadcrumb","itemListElement":[{"@type":"ListItem","position":1,"name":"Home","item":"https:\/\/www.dktrnava.sk\/"},{"@type":"ListItem","position":2,"name":"Zlatn\u00edctvo Monty"}]},{"@type":"WebSite","@id":"https:\/\/www.dktrnava.sk\/#website","url":"https:\/\/www.dktrnava.sk\/","name":"DK Trnava","description":"Dom kult\u00fary Trnava (DK Trnava) je dominantnou s\u00fa\u010das\u0165ou centra mesta od roku 1987. V samotnom centre Trnavy m\u00f4\u017eete pod jednou strechou za\u017ei\u0165 kult\u00farne podujatia najlep\u0161\u00edch slovensk\u00fdch hercov a spev\u00e1kov, nave\u010dera\u0165 sa v jednej z najluxusnej\u0161\u00edch re\u0161taur\u00e1cii v meste alebo vyu\u017ei\u0165 bohat\u00e9 mo\u017enosti n\u00e1kupov a slu\u017eieb.","potentialAction":[{"@type":"SearchAction","target":{"@type":"EntryPoint","urlTemplate":"https:\/\/www.dktrnava.sk\/?s={search_term_string}"},"query-input":"required name=search_term_string"}],"inLanguage":"sk-SK"}]}},"_links":{"self":[{"href":"https:\/\/www.dktrnava.sk\/index.php?rest_route=\/wp\/v2\/pages\/4775","targetHints":{"allow":["GET"]}}],"collection":[{"href":"https:\/\/www.dktrnava.sk\/index.php?rest_route=\/wp\/v2\/pages"}],"about":[{"href":"https:\/\/www.dktrnava.sk\/index.php?rest_route=\/wp\/v2\/types\/page"}],"author":[{"embeddable":true,"href":"https:\/\/www.dktrnava.sk\/index.php?rest_route=\/wp\/v2\/users\/2"}],"replies":[{"embeddable":true,"href":"https:\/\/www.dktrnava.sk\/index.php?rest_route=%2Fwp%2Fv2%2Fcomments&post=4775"}],"version-history":[{"count":1,"href":"https:\/\/www.dktrnava.sk\/index.php?rest_route=\/wp\/v2\/pages\/4775\/revisions"}],"predecessor-version":[{"id":4779,"href":"https:\/\/www.dktrnava.sk\/index.php?rest_route=\/wp\/v2\/pages\/4775\/revisions\/4779"}],"wp:attachment":[{"href":"https:\/\/www.dktrnava.sk\/index.php?rest_route=%2Fwp%2Fv2%2Fmedia&parent=4775"}],"curies":[{"name":"wp","href":"https:\/\/api.w.org\/{rel}","templated":true}]}}