{"id":3272,"date":"2021-09-15T13:05:07","date_gmt":"2021-09-15T13:05:07","guid":{"rendered":"http:\/\/kamleshyadav.com\/wp\/thetranquil\/main-site\/?page_id=3272"},"modified":"2023-04-18T19:36:57","modified_gmt":"2023-04-18T19:36:57","slug":"galler","status":"publish","type":"page","link":"https:\/\/www.dktrnava.sk\/?page_id=3272","title":{"rendered":"Gal\u00e9ria"},"content":{"rendered":"<p>[vc_row css=&#8220;.vc_custom_1553853596399{padding-top: 80px !important;padding-bottom: 48px !important;}&#8220;][vc_column]<div class=\"tv_filter_gallery gallery_tab69ee1b8d248fd\"><ul id=\"portfolio-filter\" class=\"text-center\">\r\n\t\t\t\t\t\t\t\t\t\t\t\t\t\t\t   <li class=\"active\"><a href=\"javascript:;\" data-filter=\"*\"> V\u0161etky<\/a><\/li><li><a href=\"#\" data-filter=\".exterier\">Exteri\u00e9r<\/a><\/li><li><a href=\"#\" data-filter=\".obchodne-priestory\">Obchodn\u00e9 priestory<\/a><\/li><li><a href=\"#\" data-filter=\".prenajom-priestorov\">Pren\u00e1jom priestorov<\/a><\/li><li><a href=\"#\" data-filter=\".sala-na-prenajom\">S\u00e1la na pren\u00e1jom<\/a><\/li><\/ul><div id=\"grid-gallery\" class=\"max-col-3 popup-gallery\" data-layoutmode=\"fitRows\"><div class=\"item portfolio-item  portfolio-custom prenajom-priestorov\"><div class=\"tv_gallery_box\">\r\n\t\t\t\t\t\t\t\t\t\t\t\t\t\t\t\t\t          <figure>\t\t\t\t\t \r\n\t\t\t\t\t\t\t\t\t\t\t\t\t\t\t\t\t\t\t\t\t<a href=\"https:\/\/www.dktrnava.sk\/wp-content\/uploads\/2023\/04\/DKfoto4.jpg\" class=\"zoom-item\" title=\"Pren\u00e1jom priestorov 6\">\r\n\t\t\t\t\t\t\t\t\t\t\t\t\t\t\t\t\t\t\t\t\t\t   <img decoding=\"async\" src=\"https:\/\/www.dktrnava.sk\/wp-content\/uploads\/2023\/04\/DKfoto4-370x300.jpg\" alt=\"Pren\u00e1jom priestorov 6\">\r\n\t\t\t\t\t\t\t\t\t\t\t\t\t\t\t\t\t\t\t\t\t<\/a>\t\t\t\t\t\r\n\t\t\t\t\t\t\t\t\t\t\t\t\t\t\t\t\t\t\t  <\/figure>\r\n\t\t\t\t\t\t\t\t\t\t\t\t\t\t\t\t\t\t\t\t<div class=\"portfolio-content\">\r\n\t\t\t\t\t\t\t\t\t\t\t\t\t\t\t\t\t\t\t\t\t<div class=\"portfolio-meta\">\r\n\t\t\t\t\t\t\t\t\t\t\t\t\t\t\t\t\t\t\t\t\t\t <a href=\"https:\/\/www.dktrnava.sk\/wp-content\/uploads\/2023\/04\/DKfoto4.jpg\" class=\"zoom-item\"><i class=\"fa fa-plus\"><\/i><\/a>\r\n\t\t\t\t\t\t\t\t\t\t\t\t\t\t\t\t\t\t\t\t\t<\/div>\r\n\t\t\t\t\t\t\t\t\t\t\t\t\t\t\t\t\t\t\t\t<\/div>\r\n\t\t\t\t\t\t\t\t\t\t\t\t\t\t\t\t\t\t\t<\/div><\/div><div class=\"item portfolio-item  portfolio-custom prenajom-priestorov\"><div class=\"tv_gallery_box\">\r\n\t\t\t\t\t\t\t\t\t\t\t\t\t\t\t\t\t          <figure>\t\t\t\t\t \r\n\t\t\t\t\t\t\t\t\t\t\t\t\t\t\t\t\t\t\t\t\t<a href=\"https:\/\/www.dktrnava.sk\/wp-content\/uploads\/2023\/04\/CH3A8868.jpg\" class=\"zoom-item\" title=\"Pren\u00e1jom priestorov 5\">\r\n\t\t\t\t\t\t\t\t\t\t\t\t\t\t\t\t\t\t\t\t\t\t   <img decoding=\"async\" src=\"https:\/\/www.dktrnava.sk\/wp-content\/uploads\/2023\/04\/CH3A8868-370x300.jpg\" alt=\"Pren\u00e1jom priestorov 5\">\r\n\t\t\t\t\t\t\t\t\t\t\t\t\t\t\t\t\t\t\t\t\t<\/a>\t\t\t\t\t\r\n\t\t\t\t\t\t\t\t\t\t\t\t\t\t\t\t\t\t\t  <\/figure>\r\n\t\t\t\t\t\t\t\t\t\t\t\t\t\t\t\t\t\t\t\t<div class=\"portfolio-content\">\r\n\t\t\t\t\t\t\t\t\t\t\t\t\t\t\t\t\t\t\t\t\t<div class=\"portfolio-meta\">\r\n\t\t\t\t\t\t\t\t\t\t\t\t\t\t\t\t\t\t\t\t\t\t <a href=\"https:\/\/www.dktrnava.sk\/wp-content\/uploads\/2023\/04\/CH3A8868.jpg\" class=\"zoom-item\"><i class=\"fa fa-plus\"><\/i><\/a>\r\n\t\t\t\t\t\t\t\t\t\t\t\t\t\t\t\t\t\t\t\t\t<\/div>\r\n\t\t\t\t\t\t\t\t\t\t\t\t\t\t\t\t\t\t\t\t<\/div>\r\n\t\t\t\t\t\t\t\t\t\t\t\t\t\t\t\t\t\t\t<\/div><\/div><div class=\"item portfolio-item  portfolio-custom prenajom-priestorov\"><div class=\"tv_gallery_box\">\r\n\t\t\t\t\t\t\t\t\t\t\t\t\t\t\t\t\t          <figure>\t\t\t\t\t \r\n\t\t\t\t\t\t\t\t\t\t\t\t\t\t\t\t\t\t\t\t\t<a href=\"https:\/\/www.dktrnava.sk\/wp-content\/uploads\/2023\/04\/CH3A8835_ToneMapping.jpg\" class=\"zoom-item\" title=\"Pren\u00e1jom priestorov 4\">\r\n\t\t\t\t\t\t\t\t\t\t\t\t\t\t\t\t\t\t\t\t\t\t   <img decoding=\"async\" src=\"https:\/\/www.dktrnava.sk\/wp-content\/uploads\/2023\/04\/CH3A8835_ToneMapping-370x300.jpg\" alt=\"Pren\u00e1jom priestorov 4\">\r\n\t\t\t\t\t\t\t\t\t\t\t\t\t\t\t\t\t\t\t\t\t<\/a>\t\t\t\t\t\r\n\t\t\t\t\t\t\t\t\t\t\t\t\t\t\t\t\t\t\t  <\/figure>\r\n\t\t\t\t\t\t\t\t\t\t\t\t\t\t\t\t\t\t\t\t<div class=\"portfolio-content\">\r\n\t\t\t\t\t\t\t\t\t\t\t\t\t\t\t\t\t\t\t\t\t<div class=\"portfolio-meta\">\r\n\t\t\t\t\t\t\t\t\t\t\t\t\t\t\t\t\t\t\t\t\t\t <a href=\"https:\/\/www.dktrnava.sk\/wp-content\/uploads\/2023\/04\/CH3A8835_ToneMapping.jpg\" class=\"zoom-item\"><i class=\"fa fa-plus\"><\/i><\/a>\r\n\t\t\t\t\t\t\t\t\t\t\t\t\t\t\t\t\t\t\t\t\t<\/div>\r\n\t\t\t\t\t\t\t\t\t\t\t\t\t\t\t\t\t\t\t\t<\/div>\r\n\t\t\t\t\t\t\t\t\t\t\t\t\t\t\t\t\t\t\t<\/div><\/div><div class=\"item portfolio-item  portfolio-custom prenajom-priestorov\"><div class=\"tv_gallery_box\">\r\n\t\t\t\t\t\t\t\t\t\t\t\t\t\t\t\t\t          <figure>\t\t\t\t\t \r\n\t\t\t\t\t\t\t\t\t\t\t\t\t\t\t\t\t\t\t\t\t<a href=\"https:\/\/www.dktrnava.sk\/wp-content\/uploads\/2023\/04\/CH3A8796_ToneMapping.jpg\" class=\"zoom-item\" title=\"Pren\u00e1jom priestorov 3\">\r\n\t\t\t\t\t\t\t\t\t\t\t\t\t\t\t\t\t\t\t\t\t\t   <img decoding=\"async\" src=\"https:\/\/www.dktrnava.sk\/wp-content\/uploads\/2023\/04\/CH3A8796_ToneMapping-370x300.jpg\" alt=\"Pren\u00e1jom priestorov 3\">\r\n\t\t\t\t\t\t\t\t\t\t\t\t\t\t\t\t\t\t\t\t\t<\/a>\t\t\t\t\t\r\n\t\t\t\t\t\t\t\t\t\t\t\t\t\t\t\t\t\t\t  <\/figure>\r\n\t\t\t\t\t\t\t\t\t\t\t\t\t\t\t\t\t\t\t\t<div class=\"portfolio-content\">\r\n\t\t\t\t\t\t\t\t\t\t\t\t\t\t\t\t\t\t\t\t\t<div class=\"portfolio-meta\">\r\n\t\t\t\t\t\t\t\t\t\t\t\t\t\t\t\t\t\t\t\t\t\t <a href=\"https:\/\/www.dktrnava.sk\/wp-content\/uploads\/2023\/04\/CH3A8796_ToneMapping.jpg\" class=\"zoom-item\"><i class=\"fa fa-plus\"><\/i><\/a>\r\n\t\t\t\t\t\t\t\t\t\t\t\t\t\t\t\t\t\t\t\t\t<\/div>\r\n\t\t\t\t\t\t\t\t\t\t\t\t\t\t\t\t\t\t\t\t<\/div>\r\n\t\t\t\t\t\t\t\t\t\t\t\t\t\t\t\t\t\t\t<\/div><\/div><div class=\"item portfolio-item  portfolio-custom prenajom-priestorov\"><div class=\"tv_gallery_box\">\r\n\t\t\t\t\t\t\t\t\t\t\t\t\t\t\t\t\t          <figure>\t\t\t\t\t \r\n\t\t\t\t\t\t\t\t\t\t\t\t\t\t\t\t\t\t\t\t\t<a href=\"https:\/\/www.dktrnava.sk\/wp-content\/uploads\/2023\/04\/CH3A8478.jpg\" class=\"zoom-item\" title=\"Pren\u00e1jom priestorov 2\">\r\n\t\t\t\t\t\t\t\t\t\t\t\t\t\t\t\t\t\t\t\t\t\t   <img decoding=\"async\" src=\"https:\/\/www.dktrnava.sk\/wp-content\/uploads\/2023\/04\/CH3A8478-370x300.jpg\" alt=\"Pren\u00e1jom priestorov 2\">\r\n\t\t\t\t\t\t\t\t\t\t\t\t\t\t\t\t\t\t\t\t\t<\/a>\t\t\t\t\t\r\n\t\t\t\t\t\t\t\t\t\t\t\t\t\t\t\t\t\t\t  <\/figure>\r\n\t\t\t\t\t\t\t\t\t\t\t\t\t\t\t\t\t\t\t\t<div class=\"portfolio-content\">\r\n\t\t\t\t\t\t\t\t\t\t\t\t\t\t\t\t\t\t\t\t\t<div class=\"portfolio-meta\">\r\n\t\t\t\t\t\t\t\t\t\t\t\t\t\t\t\t\t\t\t\t\t\t <a href=\"https:\/\/www.dktrnava.sk\/wp-content\/uploads\/2023\/04\/CH3A8478.jpg\" class=\"zoom-item\"><i class=\"fa fa-plus\"><\/i><\/a>\r\n\t\t\t\t\t\t\t\t\t\t\t\t\t\t\t\t\t\t\t\t\t<\/div>\r\n\t\t\t\t\t\t\t\t\t\t\t\t\t\t\t\t\t\t\t\t<\/div>\r\n\t\t\t\t\t\t\t\t\t\t\t\t\t\t\t\t\t\t\t<\/div><\/div><div class=\"item portfolio-item  portfolio-custom prenajom-priestorov\"><div class=\"tv_gallery_box\">\r\n\t\t\t\t\t\t\t\t\t\t\t\t\t\t\t\t\t          <figure>\t\t\t\t\t \r\n\t\t\t\t\t\t\t\t\t\t\t\t\t\t\t\t\t\t\t\t\t<a href=\"https:\/\/www.dktrnava.sk\/wp-content\/uploads\/2023\/04\/CH3A8872.jpg\" class=\"zoom-item\" title=\"Pren\u00e1jom priestorov 1\">\r\n\t\t\t\t\t\t\t\t\t\t\t\t\t\t\t\t\t\t\t\t\t\t   <img decoding=\"async\" src=\"https:\/\/www.dktrnava.sk\/wp-content\/uploads\/2023\/04\/CH3A8872-370x300.jpg\" alt=\"Pren\u00e1jom priestorov 1\">\r\n\t\t\t\t\t\t\t\t\t\t\t\t\t\t\t\t\t\t\t\t\t<\/a>\t\t\t\t\t\r\n\t\t\t\t\t\t\t\t\t\t\t\t\t\t\t\t\t\t\t  <\/figure>\r\n\t\t\t\t\t\t\t\t\t\t\t\t\t\t\t\t\t\t\t\t<div class=\"portfolio-content\">\r\n\t\t\t\t\t\t\t\t\t\t\t\t\t\t\t\t\t\t\t\t\t<div class=\"portfolio-meta\">\r\n\t\t\t\t\t\t\t\t\t\t\t\t\t\t\t\t\t\t\t\t\t\t <a href=\"https:\/\/www.dktrnava.sk\/wp-content\/uploads\/2023\/04\/CH3A8872.jpg\" class=\"zoom-item\"><i class=\"fa fa-plus\"><\/i><\/a>\r\n\t\t\t\t\t\t\t\t\t\t\t\t\t\t\t\t\t\t\t\t\t<\/div>\r\n\t\t\t\t\t\t\t\t\t\t\t\t\t\t\t\t\t\t\t\t<\/div>\r\n\t\t\t\t\t\t\t\t\t\t\t\t\t\t\t\t\t\t\t<\/div><\/div><div class=\"item portfolio-item  portfolio-custom obchodne-priestory\"><div class=\"tv_gallery_box\">\r\n\t\t\t\t\t\t\t\t\t\t\t\t\t\t\t\t\t          <figure>\t\t\t\t\t \r\n\t\t\t\t\t\t\t\t\t\t\t\t\t\t\t\t\t\t\t\t\t<a href=\"https:\/\/www.dktrnava.sk\/wp-content\/uploads\/2023\/04\/CH3A8821.jpg\" class=\"zoom-item\" title=\"Obchodn\u00e9 priestory 3\">\r\n\t\t\t\t\t\t\t\t\t\t\t\t\t\t\t\t\t\t\t\t\t\t   <img decoding=\"async\" src=\"https:\/\/www.dktrnava.sk\/wp-content\/uploads\/2023\/04\/CH3A8821-370x300.jpg\" alt=\"Obchodn\u00e9 priestory 3\">\r\n\t\t\t\t\t\t\t\t\t\t\t\t\t\t\t\t\t\t\t\t\t<\/a>\t\t\t\t\t\r\n\t\t\t\t\t\t\t\t\t\t\t\t\t\t\t\t\t\t\t  <\/figure>\r\n\t\t\t\t\t\t\t\t\t\t\t\t\t\t\t\t\t\t\t\t<div class=\"portfolio-content\">\r\n\t\t\t\t\t\t\t\t\t\t\t\t\t\t\t\t\t\t\t\t\t<div class=\"portfolio-meta\">\r\n\t\t\t\t\t\t\t\t\t\t\t\t\t\t\t\t\t\t\t\t\t\t <a href=\"https:\/\/www.dktrnava.sk\/wp-content\/uploads\/2023\/04\/CH3A8821.jpg\" class=\"zoom-item\"><i class=\"fa fa-plus\"><\/i><\/a>\r\n\t\t\t\t\t\t\t\t\t\t\t\t\t\t\t\t\t\t\t\t\t<\/div>\r\n\t\t\t\t\t\t\t\t\t\t\t\t\t\t\t\t\t\t\t\t<\/div>\r\n\t\t\t\t\t\t\t\t\t\t\t\t\t\t\t\t\t\t\t<\/div><\/div><div class=\"item portfolio-item  portfolio-custom obchodne-priestory\"><div class=\"tv_gallery_box\">\r\n\t\t\t\t\t\t\t\t\t\t\t\t\t\t\t\t\t          <figure>\t\t\t\t\t \r\n\t\t\t\t\t\t\t\t\t\t\t\t\t\t\t\t\t\t\t\t\t<a href=\"https:\/\/www.dktrnava.sk\/wp-content\/uploads\/2023\/04\/CH3A8720_ToneMapping.jpg\" class=\"zoom-item\" title=\"Obchodn\u00e9 priestory 2\">\r\n\t\t\t\t\t\t\t\t\t\t\t\t\t\t\t\t\t\t\t\t\t\t   <img decoding=\"async\" src=\"https:\/\/www.dktrnava.sk\/wp-content\/uploads\/2023\/04\/CH3A8720_ToneMapping-370x300.jpg\" alt=\"Obchodn\u00e9 priestory 2\">\r\n\t\t\t\t\t\t\t\t\t\t\t\t\t\t\t\t\t\t\t\t\t<\/a>\t\t\t\t\t\r\n\t\t\t\t\t\t\t\t\t\t\t\t\t\t\t\t\t\t\t  <\/figure>\r\n\t\t\t\t\t\t\t\t\t\t\t\t\t\t\t\t\t\t\t\t<div class=\"portfolio-content\">\r\n\t\t\t\t\t\t\t\t\t\t\t\t\t\t\t\t\t\t\t\t\t<div class=\"portfolio-meta\">\r\n\t\t\t\t\t\t\t\t\t\t\t\t\t\t\t\t\t\t\t\t\t\t <a href=\"https:\/\/www.dktrnava.sk\/wp-content\/uploads\/2023\/04\/CH3A8720_ToneMapping.jpg\" class=\"zoom-item\"><i class=\"fa fa-plus\"><\/i><\/a>\r\n\t\t\t\t\t\t\t\t\t\t\t\t\t\t\t\t\t\t\t\t\t<\/div>\r\n\t\t\t\t\t\t\t\t\t\t\t\t\t\t\t\t\t\t\t\t<\/div>\r\n\t\t\t\t\t\t\t\t\t\t\t\t\t\t\t\t\t\t\t<\/div><\/div><div class=\"item portfolio-item  portfolio-custom obchodne-priestory\"><div class=\"tv_gallery_box\">\r\n\t\t\t\t\t\t\t\t\t\t\t\t\t\t\t\t\t          <figure>\t\t\t\t\t \r\n\t\t\t\t\t\t\t\t\t\t\t\t\t\t\t\t\t\t\t\t\t<a href=\"https:\/\/www.dktrnava.sk\/wp-content\/uploads\/2023\/04\/CH3A8762_ToneMapping.jpg\" class=\"zoom-item\" title=\"Obchodn\u00e9 priestory 1\">\r\n\t\t\t\t\t\t\t\t\t\t\t\t\t\t\t\t\t\t\t\t\t\t   <img decoding=\"async\" src=\"https:\/\/www.dktrnava.sk\/wp-content\/uploads\/2023\/04\/CH3A8762_ToneMapping-370x300.jpg\" alt=\"Obchodn\u00e9 priestory 1\">\r\n\t\t\t\t\t\t\t\t\t\t\t\t\t\t\t\t\t\t\t\t\t<\/a>\t\t\t\t\t\r\n\t\t\t\t\t\t\t\t\t\t\t\t\t\t\t\t\t\t\t  <\/figure>\r\n\t\t\t\t\t\t\t\t\t\t\t\t\t\t\t\t\t\t\t\t<div class=\"portfolio-content\">\r\n\t\t\t\t\t\t\t\t\t\t\t\t\t\t\t\t\t\t\t\t\t<div class=\"portfolio-meta\">\r\n\t\t\t\t\t\t\t\t\t\t\t\t\t\t\t\t\t\t\t\t\t\t <a href=\"https:\/\/www.dktrnava.sk\/wp-content\/uploads\/2023\/04\/CH3A8762_ToneMapping.jpg\" class=\"zoom-item\"><i class=\"fa fa-plus\"><\/i><\/a>\r\n\t\t\t\t\t\t\t\t\t\t\t\t\t\t\t\t\t\t\t\t\t<\/div>\r\n\t\t\t\t\t\t\t\t\t\t\t\t\t\t\t\t\t\t\t\t<\/div>\r\n\t\t\t\t\t\t\t\t\t\t\t\t\t\t\t\t\t\t\t<\/div><\/div><div class=\"item portfolio-item  portfolio-custom exterier\"><div class=\"tv_gallery_box\">\r\n\t\t\t\t\t\t\t\t\t\t\t\t\t\t\t\t\t          <figure>\t\t\t\t\t \r\n\t\t\t\t\t\t\t\t\t\t\t\t\t\t\t\t\t\t\t\t\t<a href=\"https:\/\/www.dktrnava.sk\/wp-content\/uploads\/2023\/04\/IMG_6328-2.jpg\" class=\"zoom-item\" title=\"Exteri\u00e9r 3\">\r\n\t\t\t\t\t\t\t\t\t\t\t\t\t\t\t\t\t\t\t\t\t\t   <img decoding=\"async\" src=\"https:\/\/www.dktrnava.sk\/wp-content\/uploads\/2023\/04\/IMG_6328-2-370x300.jpg\" alt=\"Exteri\u00e9r 3\">\r\n\t\t\t\t\t\t\t\t\t\t\t\t\t\t\t\t\t\t\t\t\t<\/a>\t\t\t\t\t\r\n\t\t\t\t\t\t\t\t\t\t\t\t\t\t\t\t\t\t\t  <\/figure>\r\n\t\t\t\t\t\t\t\t\t\t\t\t\t\t\t\t\t\t\t\t<div class=\"portfolio-content\">\r\n\t\t\t\t\t\t\t\t\t\t\t\t\t\t\t\t\t\t\t\t\t<div class=\"portfolio-meta\">\r\n\t\t\t\t\t\t\t\t\t\t\t\t\t\t\t\t\t\t\t\t\t\t <a href=\"https:\/\/www.dktrnava.sk\/wp-content\/uploads\/2023\/04\/IMG_6328-2.jpg\" class=\"zoom-item\"><i class=\"fa fa-plus\"><\/i><\/a>\r\n\t\t\t\t\t\t\t\t\t\t\t\t\t\t\t\t\t\t\t\t\t<\/div>\r\n\t\t\t\t\t\t\t\t\t\t\t\t\t\t\t\t\t\t\t\t<\/div>\r\n\t\t\t\t\t\t\t\t\t\t\t\t\t\t\t\t\t\t\t<\/div><\/div><div class=\"item portfolio-item  portfolio-custom exterier\"><div class=\"tv_gallery_box\">\r\n\t\t\t\t\t\t\t\t\t\t\t\t\t\t\t\t\t          <figure>\t\t\t\t\t \r\n\t\t\t\t\t\t\t\t\t\t\t\t\t\t\t\t\t\t\t\t\t<a href=\"https:\/\/www.dktrnava.sk\/wp-content\/uploads\/2023\/04\/IMG_6331-22.jpg\" class=\"zoom-item\" title=\"Exteri\u00e9r 2\">\r\n\t\t\t\t\t\t\t\t\t\t\t\t\t\t\t\t\t\t\t\t\t\t   <img decoding=\"async\" src=\"https:\/\/www.dktrnava.sk\/wp-content\/uploads\/2023\/04\/IMG_6331-22-370x300.jpg\" alt=\"Exteri\u00e9r 2\">\r\n\t\t\t\t\t\t\t\t\t\t\t\t\t\t\t\t\t\t\t\t\t<\/a>\t\t\t\t\t\r\n\t\t\t\t\t\t\t\t\t\t\t\t\t\t\t\t\t\t\t  <\/figure>\r\n\t\t\t\t\t\t\t\t\t\t\t\t\t\t\t\t\t\t\t\t<div class=\"portfolio-content\">\r\n\t\t\t\t\t\t\t\t\t\t\t\t\t\t\t\t\t\t\t\t\t<div class=\"portfolio-meta\">\r\n\t\t\t\t\t\t\t\t\t\t\t\t\t\t\t\t\t\t\t\t\t\t <a href=\"https:\/\/www.dktrnava.sk\/wp-content\/uploads\/2023\/04\/IMG_6331-22.jpg\" class=\"zoom-item\"><i class=\"fa fa-plus\"><\/i><\/a>\r\n\t\t\t\t\t\t\t\t\t\t\t\t\t\t\t\t\t\t\t\t\t<\/div>\r\n\t\t\t\t\t\t\t\t\t\t\t\t\t\t\t\t\t\t\t\t<\/div>\r\n\t\t\t\t\t\t\t\t\t\t\t\t\t\t\t\t\t\t\t<\/div><\/div><div class=\"item portfolio-item  portfolio-custom sala-na-prenajom\"><div class=\"tv_gallery_box\">\r\n\t\t\t\t\t\t\t\t\t\t\t\t\t\t\t\t\t          <figure>\t\t\t\t\t \r\n\t\t\t\t\t\t\t\t\t\t\t\t\t\t\t\t\t\t\t\t\t<a href=\"https:\/\/www.dktrnava.sk\/wp-content\/uploads\/2023\/04\/CH3A8853.jpg\" class=\"zoom-item\" title=\"S\u00e1la na pren\u00e1jom 3\">\r\n\t\t\t\t\t\t\t\t\t\t\t\t\t\t\t\t\t\t\t\t\t\t   <img decoding=\"async\" src=\"https:\/\/www.dktrnava.sk\/wp-content\/uploads\/2023\/04\/CH3A8853-370x300.jpg\" alt=\"S\u00e1la na pren\u00e1jom 3\">\r\n\t\t\t\t\t\t\t\t\t\t\t\t\t\t\t\t\t\t\t\t\t<\/a>\t\t\t\t\t\r\n\t\t\t\t\t\t\t\t\t\t\t\t\t\t\t\t\t\t\t  <\/figure>\r\n\t\t\t\t\t\t\t\t\t\t\t\t\t\t\t\t\t\t\t\t<div class=\"portfolio-content\">\r\n\t\t\t\t\t\t\t\t\t\t\t\t\t\t\t\t\t\t\t\t\t<div class=\"portfolio-meta\">\r\n\t\t\t\t\t\t\t\t\t\t\t\t\t\t\t\t\t\t\t\t\t\t <a href=\"https:\/\/www.dktrnava.sk\/wp-content\/uploads\/2023\/04\/CH3A8853.jpg\" class=\"zoom-item\"><i class=\"fa fa-plus\"><\/i><\/a>\r\n\t\t\t\t\t\t\t\t\t\t\t\t\t\t\t\t\t\t\t\t\t<\/div>\r\n\t\t\t\t\t\t\t\t\t\t\t\t\t\t\t\t\t\t\t\t<\/div>\r\n\t\t\t\t\t\t\t\t\t\t\t\t\t\t\t\t\t\t\t<\/div><\/div><div class=\"item portfolio-item  portfolio-custom sala-na-prenajom\"><div class=\"tv_gallery_box\">\r\n\t\t\t\t\t\t\t\t\t\t\t\t\t\t\t\t\t          <figure>\t\t\t\t\t \r\n\t\t\t\t\t\t\t\t\t\t\t\t\t\t\t\t\t\t\t\t\t<a href=\"https:\/\/www.dktrnava.sk\/wp-content\/uploads\/2023\/04\/CH3A8844.jpg\" class=\"zoom-item\" title=\"S\u00e1la na pren\u00e1jom 2\">\r\n\t\t\t\t\t\t\t\t\t\t\t\t\t\t\t\t\t\t\t\t\t\t   <img decoding=\"async\" src=\"https:\/\/www.dktrnava.sk\/wp-content\/uploads\/2023\/04\/CH3A8844-370x300.jpg\" alt=\"S\u00e1la na pren\u00e1jom 2\">\r\n\t\t\t\t\t\t\t\t\t\t\t\t\t\t\t\t\t\t\t\t\t<\/a>\t\t\t\t\t\r\n\t\t\t\t\t\t\t\t\t\t\t\t\t\t\t\t\t\t\t  <\/figure>\r\n\t\t\t\t\t\t\t\t\t\t\t\t\t\t\t\t\t\t\t\t<div class=\"portfolio-content\">\r\n\t\t\t\t\t\t\t\t\t\t\t\t\t\t\t\t\t\t\t\t\t<div class=\"portfolio-meta\">\r\n\t\t\t\t\t\t\t\t\t\t\t\t\t\t\t\t\t\t\t\t\t\t <a href=\"https:\/\/www.dktrnava.sk\/wp-content\/uploads\/2023\/04\/CH3A8844.jpg\" class=\"zoom-item\"><i class=\"fa fa-plus\"><\/i><\/a>\r\n\t\t\t\t\t\t\t\t\t\t\t\t\t\t\t\t\t\t\t\t\t<\/div>\r\n\t\t\t\t\t\t\t\t\t\t\t\t\t\t\t\t\t\t\t\t<\/div>\r\n\t\t\t\t\t\t\t\t\t\t\t\t\t\t\t\t\t\t\t<\/div><\/div><div class=\"item portfolio-item  portfolio-custom sala-na-prenajom\"><div class=\"tv_gallery_box\">\r\n\t\t\t\t\t\t\t\t\t\t\t\t\t\t\t\t\t          <figure>\t\t\t\t\t \r\n\t\t\t\t\t\t\t\t\t\t\t\t\t\t\t\t\t\t\t\t\t<a href=\"https:\/\/www.dktrnava.sk\/wp-content\/uploads\/2023\/04\/CH3A8855.jpg\" class=\"zoom-item\" title=\"S\u00e1la na pren\u00e1jom 1\">\r\n\t\t\t\t\t\t\t\t\t\t\t\t\t\t\t\t\t\t\t\t\t\t   <img decoding=\"async\" src=\"https:\/\/www.dktrnava.sk\/wp-content\/uploads\/2023\/04\/CH3A8855-370x300.jpg\" alt=\"S\u00e1la na pren\u00e1jom 1\">\r\n\t\t\t\t\t\t\t\t\t\t\t\t\t\t\t\t\t\t\t\t\t<\/a>\t\t\t\t\t\r\n\t\t\t\t\t\t\t\t\t\t\t\t\t\t\t\t\t\t\t  <\/figure>\r\n\t\t\t\t\t\t\t\t\t\t\t\t\t\t\t\t\t\t\t\t<div class=\"portfolio-content\">\r\n\t\t\t\t\t\t\t\t\t\t\t\t\t\t\t\t\t\t\t\t\t<div class=\"portfolio-meta\">\r\n\t\t\t\t\t\t\t\t\t\t\t\t\t\t\t\t\t\t\t\t\t\t <a href=\"https:\/\/www.dktrnava.sk\/wp-content\/uploads\/2023\/04\/CH3A8855.jpg\" class=\"zoom-item\"><i class=\"fa fa-plus\"><\/i><\/a>\r\n\t\t\t\t\t\t\t\t\t\t\t\t\t\t\t\t\t\t\t\t\t<\/div>\r\n\t\t\t\t\t\t\t\t\t\t\t\t\t\t\t\t\t\t\t\t<\/div>\r\n\t\t\t\t\t\t\t\t\t\t\t\t\t\t\t\t\t\t\t<\/div><\/div><div class=\"item portfolio-item  portfolio-custom exterier\"><div class=\"tv_gallery_box\">\r\n\t\t\t\t\t\t\t\t\t\t\t\t\t\t\t\t\t          <figure>\t\t\t\t\t \r\n\t\t\t\t\t\t\t\t\t\t\t\t\t\t\t\t\t\t\t\t\t<a href=\"https:\/\/www.dktrnava.sk\/wp-content\/uploads\/2023\/04\/nakupna-zona-trnava.slider-3.jpg\" class=\"zoom-item\" title=\"Exteri\u00e9r 1\">\r\n\t\t\t\t\t\t\t\t\t\t\t\t\t\t\t\t\t\t\t\t\t\t   <img decoding=\"async\" src=\"https:\/\/www.dktrnava.sk\/wp-content\/uploads\/2023\/04\/nakupna-zona-trnava.slider-3-370x300.jpg\" alt=\"Exteri\u00e9r 1\">\r\n\t\t\t\t\t\t\t\t\t\t\t\t\t\t\t\t\t\t\t\t\t<\/a>\t\t\t\t\t\r\n\t\t\t\t\t\t\t\t\t\t\t\t\t\t\t\t\t\t\t  <\/figure>\r\n\t\t\t\t\t\t\t\t\t\t\t\t\t\t\t\t\t\t\t\t<div class=\"portfolio-content\">\r\n\t\t\t\t\t\t\t\t\t\t\t\t\t\t\t\t\t\t\t\t\t<div class=\"portfolio-meta\">\r\n\t\t\t\t\t\t\t\t\t\t\t\t\t\t\t\t\t\t\t\t\t\t <a href=\"https:\/\/www.dktrnava.sk\/wp-content\/uploads\/2023\/04\/nakupna-zona-trnava.slider-3.jpg\" class=\"zoom-item\"><i class=\"fa fa-plus\"><\/i><\/a>\r\n\t\t\t\t\t\t\t\t\t\t\t\t\t\t\t\t\t\t\t\t\t<\/div>\r\n\t\t\t\t\t\t\t\t\t\t\t\t\t\t\t\t\t\t\t\t<\/div>\r\n\t\t\t\t\t\t\t\t\t\t\t\t\t\t\t\t\t\t\t<\/div><\/div> <\/div>\t\t\t\t\t\t\t\t\t\t      \r\n\t\t\t\t\t\t\t\t\t\t<\/div>[\/vc_column][\/vc_row]<\/p>\n","protected":false},"excerpt":{"rendered":"<p>[vc_row css=&#8220;.vc_custom_1553853596399{padding-top: 80px !important;padding-bottom: 48px !important;}&#8220;][vc_column][\/vc_column][\/vc_row]<\/p>\n","protected":false},"author":1,"featured_media":0,"parent":0,"menu_order":0,"comment_status":"closed","ping_status":"closed","template":"","meta":{"footnotes":""},"class_list":["post-3272","page","type-page","status-publish","hentry"],"yoast_head":"<!-- This site is optimized with the Yoast SEO plugin v22.6 - https:\/\/yoast.com\/wordpress\/plugins\/seo\/ -->\n<title>Gal\u00e9ria - DK Trnava<\/title>\n<meta name=\"robots\" content=\"index, follow, max-snippet:-1, max-image-preview:large, max-video-preview:-1\" \/>\n<link rel=\"canonical\" href=\"https:\/\/www.dktrnava.sk\/?page_id=3272\" \/>\n<meta property=\"og:locale\" content=\"sk_SK\" \/>\n<meta property=\"og:type\" content=\"article\" \/>\n<meta property=\"og:title\" content=\"Gal\u00e9ria - DK Trnava\" \/>\n<meta property=\"og:description\" content=\"[vc_row css=&#8220;.vc_custom_1553853596399{padding-top: 80px !important;padding-bottom: 48px !important;}&#8220;][vc_column][\/vc_column][\/vc_row]\" \/>\n<meta property=\"og:url\" content=\"https:\/\/www.dktrnava.sk\/?page_id=3272\" \/>\n<meta property=\"og:site_name\" content=\"DK Trnava\" \/>\n<meta property=\"article:modified_time\" content=\"2023-04-18T19:36:57+00:00\" \/>\n<meta name=\"twitter:card\" content=\"summary_large_image\" \/>\n<meta name=\"twitter:label1\" content=\"Predpokladan\u00fd \u010das \u010d\u00edtania\" \/>\n\t<meta name=\"twitter:data1\" content=\"1 min\u00fata\" \/>\n<script type=\"application\/ld+json\" class=\"yoast-schema-graph\">{\"@context\":\"https:\/\/schema.org\",\"@graph\":[{\"@type\":\"WebPage\",\"@id\":\"https:\/\/www.dktrnava.sk\/?page_id=3272\",\"url\":\"https:\/\/www.dktrnava.sk\/?page_id=3272\",\"name\":\"Gal\u00e9ria - DK Trnava\",\"isPartOf\":{\"@id\":\"https:\/\/www.dktrnava.sk\/#website\"},\"datePublished\":\"2021-09-15T13:05:07+00:00\",\"dateModified\":\"2023-04-18T19:36:57+00:00\",\"breadcrumb\":{\"@id\":\"https:\/\/www.dktrnava.sk\/?page_id=3272#breadcrumb\"},\"inLanguage\":\"sk-SK\",\"potentialAction\":[{\"@type\":\"ReadAction\",\"target\":[\"https:\/\/www.dktrnava.sk\/?page_id=3272\"]}]},{\"@type\":\"BreadcrumbList\",\"@id\":\"https:\/\/www.dktrnava.sk\/?page_id=3272#breadcrumb\",\"itemListElement\":[{\"@type\":\"ListItem\",\"position\":1,\"name\":\"Home\",\"item\":\"https:\/\/www.dktrnava.sk\/\"},{\"@type\":\"ListItem\",\"position\":2,\"name\":\"Gal\u00e9ria\"}]},{\"@type\":\"WebSite\",\"@id\":\"https:\/\/www.dktrnava.sk\/#website\",\"url\":\"https:\/\/www.dktrnava.sk\/\",\"name\":\"DK Trnava\",\"description\":\"Dom kult\u00fary Trnava (DK Trnava) je dominantnou s\u00fa\u010das\u0165ou centra mesta od roku 1987. V samotnom centre Trnavy m\u00f4\u017eete pod jednou strechou za\u017ei\u0165 kult\u00farne podujatia najlep\u0161\u00edch slovensk\u00fdch hercov a spev\u00e1kov, nave\u010dera\u0165 sa v jednej z najluxusnej\u0161\u00edch re\u0161taur\u00e1cii v meste alebo vyu\u017ei\u0165 bohat\u00e9 mo\u017enosti n\u00e1kupov a slu\u017eieb.\",\"potentialAction\":[{\"@type\":\"SearchAction\",\"target\":{\"@type\":\"EntryPoint\",\"urlTemplate\":\"https:\/\/www.dktrnava.sk\/?s={search_term_string}\"},\"query-input\":\"required name=search_term_string\"}],\"inLanguage\":\"sk-SK\"}]}<\/script>\n<!-- \/ Yoast SEO plugin. -->","yoast_head_json":{"title":"Gal\u00e9ria - DK Trnava","robots":{"index":"index","follow":"follow","max-snippet":"max-snippet:-1","max-image-preview":"max-image-preview:large","max-video-preview":"max-video-preview:-1"},"canonical":"https:\/\/www.dktrnava.sk\/?page_id=3272","og_locale":"sk_SK","og_type":"article","og_title":"Gal\u00e9ria - DK Trnava","og_description":"[vc_row css=&#8220;.vc_custom_1553853596399{padding-top: 80px !important;padding-bottom: 48px !important;}&#8220;][vc_column][\/vc_column][\/vc_row]","og_url":"https:\/\/www.dktrnava.sk\/?page_id=3272","og_site_name":"DK Trnava","article_modified_time":"2023-04-18T19:36:57+00:00","twitter_card":"summary_large_image","twitter_misc":{"Predpokladan\u00fd \u010das \u010d\u00edtania":"1 min\u00fata"},"schema":{"@context":"https:\/\/schema.org","@graph":[{"@type":"WebPage","@id":"https:\/\/www.dktrnava.sk\/?page_id=3272","url":"https:\/\/www.dktrnava.sk\/?page_id=3272","name":"Gal\u00e9ria - DK Trnava","isPartOf":{"@id":"https:\/\/www.dktrnava.sk\/#website"},"datePublished":"2021-09-15T13:05:07+00:00","dateModified":"2023-04-18T19:36:57+00:00","breadcrumb":{"@id":"https:\/\/www.dktrnava.sk\/?page_id=3272#breadcrumb"},"inLanguage":"sk-SK","potentialAction":[{"@type":"ReadAction","target":["https:\/\/www.dktrnava.sk\/?page_id=3272"]}]},{"@type":"BreadcrumbList","@id":"https:\/\/www.dktrnava.sk\/?page_id=3272#breadcrumb","itemListElement":[{"@type":"ListItem","position":1,"name":"Home","item":"https:\/\/www.dktrnava.sk\/"},{"@type":"ListItem","position":2,"name":"Gal\u00e9ria"}]},{"@type":"WebSite","@id":"https:\/\/www.dktrnava.sk\/#website","url":"https:\/\/www.dktrnava.sk\/","name":"DK Trnava","description":"Dom kult\u00fary Trnava (DK Trnava) je dominantnou s\u00fa\u010das\u0165ou centra mesta od roku 1987. V samotnom centre Trnavy m\u00f4\u017eete pod jednou strechou za\u017ei\u0165 kult\u00farne podujatia najlep\u0161\u00edch slovensk\u00fdch hercov a spev\u00e1kov, nave\u010dera\u0165 sa v jednej z najluxusnej\u0161\u00edch re\u0161taur\u00e1cii v meste alebo vyu\u017ei\u0165 bohat\u00e9 mo\u017enosti n\u00e1kupov a slu\u017eieb.","potentialAction":[{"@type":"SearchAction","target":{"@type":"EntryPoint","urlTemplate":"https:\/\/www.dktrnava.sk\/?s={search_term_string}"},"query-input":"required name=search_term_string"}],"inLanguage":"sk-SK"}]}},"_links":{"self":[{"href":"https:\/\/www.dktrnava.sk\/index.php?rest_route=\/wp\/v2\/pages\/3272","targetHints":{"allow":["GET"]}}],"collection":[{"href":"https:\/\/www.dktrnava.sk\/index.php?rest_route=\/wp\/v2\/pages"}],"about":[{"href":"https:\/\/www.dktrnava.sk\/index.php?rest_route=\/wp\/v2\/types\/page"}],"author":[{"embeddable":true,"href":"https:\/\/www.dktrnava.sk\/index.php?rest_route=\/wp\/v2\/users\/1"}],"replies":[{"embeddable":true,"href":"https:\/\/www.dktrnava.sk\/index.php?rest_route=%2Fwp%2Fv2%2Fcomments&post=3272"}],"version-history":[{"count":37,"href":"https:\/\/www.dktrnava.sk\/index.php?rest_route=\/wp\/v2\/pages\/3272\/revisions"}],"predecessor-version":[{"id":4589,"href":"https:\/\/www.dktrnava.sk\/index.php?rest_route=\/wp\/v2\/pages\/3272\/revisions\/4589"}],"wp:attachment":[{"href":"https:\/\/www.dktrnava.sk\/index.php?rest_route=%2Fwp%2Fv2%2Fmedia&parent=3272"}],"curies":[{"name":"wp","href":"https:\/\/api.w.org\/{rel}","templated":true}]}}