{"id":3176,"date":"2021-09-02T08:53:29","date_gmt":"2021-09-02T08:53:29","guid":{"rendered":"http:\/\/kamleshyadav.com\/wp\/thetranquil\/main-site\/?page_id=3176"},"modified":"2023-04-19T22:05:35","modified_gmt":"2023-04-19T22:05:35","slug":"luxury-rooms","status":"publish","type":"page","link":"https:\/\/www.dktrnava.sk\/?page_id=3176","title":{"rendered":"Pren\u00e1jom priestorov"},"content":{"rendered":"<p>[vc_row][vc_column]<div class=\"tv_heading text-center\"><h2 >Pren\u00e1jom priestorov v Dome kult\u00fary Trnava<\/h2><p >DK Trnava V\u00e1m pon\u00faka dlhodob\u00fd a kr\u00e1tkodob\u00fd pren\u00e1jom priestorov priamo v srdci Trnavy na Troji\u010dnom n\u00e1mest\u00ed priamo v centre mesta. Aktu\u00e1lne priestory na pren\u00e1jom:<\/p><\/div><div class=\"full_width around_world_sec\"><div class=\"row\"><div class=\"col-lg-4 col-md-4 col-sm-6\">\t\t\t\t\t\t\t\t \r\n\t\t\t\t\t\t\t\t\t\t\t\t\t\t <div class=\"section_main\"><div  class=\"icon\"><img decoding=\"async\" src=\"https:\/\/www.dktrnava.sk\/wp-content\/uploads\/2023\/04\/estradnasala1-100x100.png\" alt=\"service-image\"><\/div><div class=\"box_inner service_hasicon\">\r\n\t\t\t\t\t\t\t\t\t\t\t\t\t\t\t\t  <h4 class=\"box_title\" >Estr\u00e1dna s\u00e1la<\/h4>\r\n\t\t\t\t\t\t\t\t\t\t\t\t\t\t\t\t  <p >Estr\u00e1dna s\u00e1la: kinov\u00e9 sedenie kapacita - 725 miest na sedenie Kr\u00e1tkodob\u00fd pren\u00e1jom na tel.\u010d. 0911 150 380 alebo mailom na...<\/p>\t\t\t\t\r\n\t\t\t\t\t\t\t\t\t\t\t\t\t\t\t\t  <a href=\"https:\/\/www.dktrnava.sk\/?service=estradna-sala\" class=\"tv_transparent_btn\">Zistite viac<\/a>\r\n\t\t\t\t\t\t\t\t\t\t\t\t\t\t\t  <\/div>\r\n\t\t\t\t\t\t\t\t\t\t\t\t\t\t <\/div>\r\n\t\t\t\t\t\t\t\t\t\t\t\t  <\/div><div class=\"col-lg-4 col-md-4 col-sm-6\">\t\t\t\t\t\t\t\t \r\n\t\t\t\t\t\t\t\t\t\t\t\t\t\t <div class=\"section_main\"><div  class=\"icon\"><img decoding=\"async\" src=\"https:\/\/www.dktrnava.sk\/wp-content\/uploads\/2023\/04\/IMG_6328-2-100x100.jpg\" alt=\"service-image\"><\/div><div class=\"box_inner service_hasicon\">\r\n\t\t\t\t\t\t\t\t\t\t\t\t\t\t\t\t  <h4 class=\"box_title\" >Tane\u010dn\u00e1 s\u00e1la<\/h4>\r\n\t\t\t\t\t\t\t\t\t\t\t\t\t\t\t\t  <p >Tane\u010dn\u00e1 s\u00e1la: stolov\u00e9 sedenie kapacita - cca 400 miest na sedenie + tane\u010dn\u00fd parket Kr\u00e1tkodob\u00fd pren\u00e1jom na tel.\u010d. 0911 150...<\/p>\t\t\t\t\r\n\t\t\t\t\t\t\t\t\t\t\t\t\t\t\t\t  <a href=\"https:\/\/www.dktrnava.sk\/?service=tanecna-sala\" class=\"tv_transparent_btn\">Zistite viac<\/a>\r\n\t\t\t\t\t\t\t\t\t\t\t\t\t\t\t  <\/div>\r\n\t\t\t\t\t\t\t\t\t\t\t\t\t\t <\/div>\r\n\t\t\t\t\t\t\t\t\t\t\t\t  <\/div><div class=\"col-lg-4 col-md-4 col-sm-6\">\t\t\t\t\t\t\t\t \r\n\t\t\t\t\t\t\t\t\t\t\t\t\t\t <div class=\"section_main\"><div  class=\"icon\"><img decoding=\"async\" src=\"https:\/\/www.dktrnava.sk\/wp-content\/uploads\/2023\/04\/CH3A8509-100x100.jpg\" alt=\"service-image\"><\/div><div class=\"box_inner service_hasicon\">\r\n\t\t\t\t\t\t\t\t\t\t\t\t\t\t\t\t  <h4 class=\"box_title\" >Mal\u00e1 s\u00e1la<\/h4>\r\n\t\t\t\t\t\t\t\t\t\t\t\t\t\t\t\t  <p >kapacita \u2013 cca 90 miest na sedenie - kinove sedenie Kr\u00e1tkodob\u00fd pren\u00e1jom na tel.\u010d. 0911 150 380 alebo mailom na...<\/p>\t\t\t\t\r\n\t\t\t\t\t\t\t\t\t\t\t\t\t\t\t\t  <a href=\"https:\/\/www.dktrnava.sk\/?service=skoliace-priestory\" class=\"tv_transparent_btn\">Zistite viac<\/a>\r\n\t\t\t\t\t\t\t\t\t\t\t\t\t\t\t  <\/div>\r\n\t\t\t\t\t\t\t\t\t\t\t\t\t\t <\/div>\r\n\t\t\t\t\t\t\t\t\t\t\t\t  <\/div><div class=\"col-lg-4 col-md-4 col-sm-6\">\t\t\t\t\t\t\t\t \r\n\t\t\t\t\t\t\t\t\t\t\t\t\t\t <div class=\"section_main\"><div  class=\"icon\"><img decoding=\"async\" src=\"https:\/\/www.dktrnava.sk\/wp-content\/uploads\/2023\/04\/IMG_6328-2-100x100.jpg\" alt=\"service-image\"><\/div><div class=\"box_inner service_hasicon\">\r\n\t\t\t\t\t\t\t\t\t\t\t\t\t\t\t\t  <h4 class=\"box_title\" >Priestor na plesy<\/h4>\r\n\t\t\t\t\t\t\t\t\t\t\t\t\t\t\t\t  <p >Kr\u00e1tkodob\u00fd pren\u00e1jom na tel.\u010d. 0911 150 380 alebo mailom na dk-trnava@zos.sk Sp\u00e4\u0165 na pren\u00e1jom TU<\/p>\t\t\t\t\r\n\t\t\t\t\t\t\t\t\t\t\t\t\t\t\t\t  <a href=\"https:\/\/www.dktrnava.sk\/?service=priestor-na-plesy\" class=\"tv_transparent_btn\">Zistite viac<\/a>\r\n\t\t\t\t\t\t\t\t\t\t\t\t\t\t\t  <\/div>\r\n\t\t\t\t\t\t\t\t\t\t\t\t\t\t <\/div>\r\n\t\t\t\t\t\t\t\t\t\t\t\t  <\/div><div class=\"col-lg-4 col-md-4 col-sm-6\">\t\t\t\t\t\t\t\t \r\n\t\t\t\t\t\t\t\t\t\t\t\t\t\t <div class=\"section_main\"><div  class=\"icon\"><img decoding=\"async\" src=\"https:\/\/www.dktrnava.sk\/wp-content\/uploads\/2023\/04\/IMG_6328-2-100x100.jpg\" alt=\"service-image\"><\/div><div class=\"box_inner service_hasicon\">\r\n\t\t\t\t\t\t\t\t\t\t\t\t\t\t\t\t  <h4 class=\"box_title\" >Nebytov\u00fd priestor so vstupom od Troji\u010dn\u00e9ho n\u00e1mestia<\/h4>\r\n\t\t\t\t\t\t\t\t\t\t\t\t\t\t\t\t  <p >Priestor so vstupom od Troji\u010dn\u00e9ho n\u00e1mestia - priestor vhodn\u00fd na slu\u017eby, prev\u00e1dzku - v\u00fdmera: 60,93 m2 - n\u00e1jom mesa\u010dne: 1700...<\/p>\t\t\t\t\r\n\t\t\t\t\t\t\t\t\t\t\t\t\t\t\t\t  <a href=\"https:\/\/www.dktrnava.sk\/?service=nebytovy-priestor-c-4\" class=\"tv_transparent_btn\">Zistite viac<\/a>\r\n\t\t\t\t\t\t\t\t\t\t\t\t\t\t\t  <\/div>\r\n\t\t\t\t\t\t\t\t\t\t\t\t\t\t <\/div>\r\n\t\t\t\t\t\t\t\t\t\t\t\t  <\/div><div class=\"col-lg-4 col-md-4 col-sm-6\">\t\t\t\t\t\t\t\t \r\n\t\t\t\t\t\t\t\t\t\t\t\t\t\t <div class=\"section_main\"><div  class=\"icon\"><img decoding=\"async\" src=\"https:\/\/www.dktrnava.sk\/wp-content\/uploads\/2023\/04\/IMG_6328-2-100x100.jpg\" alt=\"service-image\"><\/div><div class=\"box_inner service_hasicon\">\r\n\t\t\t\t\t\t\t\t\t\t\t\t\t\t\t\t  <h4 class=\"box_title\" >Nebytov\u00fd priestor so vstupom od Jednoty<\/h4>\r\n\t\t\t\t\t\t\t\t\t\t\t\t\t\t\t\t  <p >Priestor so vstupom od Jednoty - obchodn\u00fd priestor - v\u00fdmera: 67 m2 - n\u00e1jom mesa\u010dne: 700 EUR + DPH +Energie\/elektrika,...<\/p>\t\t\t\t\r\n\t\t\t\t\t\t\t\t\t\t\t\t\t\t\t\t  <a href=\"https:\/\/www.dktrnava.sk\/?service=nebytovy-priestor-c-5\" class=\"tv_transparent_btn\">Zistite viac<\/a>\r\n\t\t\t\t\t\t\t\t\t\t\t\t\t\t\t  <\/div>\r\n\t\t\t\t\t\t\t\t\t\t\t\t\t\t <\/div>\r\n\t\t\t\t\t\t\t\t\t\t\t\t  <\/div><div class=\"col-lg-4 col-md-4 col-sm-6\">\t\t\t\t\t\t\t\t \r\n\t\t\t\t\t\t\t\t\t\t\t\t\t\t <div class=\"section_main\"><div  class=\"icon\"><img decoding=\"async\" src=\"https:\/\/www.dktrnava.sk\/wp-content\/uploads\/2023\/04\/IMG_6328-2-100x100.jpg\" alt=\"service-image\"><\/div><div class=\"box_inner service_hasicon\">\r\n\t\t\t\t\t\t\t\t\t\t\t\t\t\t\t\t  <h4 class=\"box_title\" >Nebytov\u00fd priestor vo vestibule DK<\/h4>\r\n\t\t\t\t\t\t\t\t\t\t\t\t\t\t\t\t  <p >Nebytov\u00fd priestor vo vestibule \u2013 priestor vhodn\u00fd na slu\u017eby, prev\u00e1dzku \u2013 v\u00fdmera: 88 m2 \u2013 n\u00e1jom mesa\u010dne: 700 EUR +...<\/p>\t\t\t\t\r\n\t\t\t\t\t\t\t\t\t\t\t\t\t\t\t\t  <a href=\"https:\/\/www.dktrnava.sk\/?service=nebytovy-priestor-vo-vestibule\" class=\"tv_transparent_btn\">Zistite viac<\/a>\r\n\t\t\t\t\t\t\t\t\t\t\t\t\t\t\t  <\/div>\r\n\t\t\t\t\t\t\t\t\t\t\t\t\t\t <\/div>\r\n\t\t\t\t\t\t\t\t\t\t\t\t  <\/div><\/div><\/div>[\/vc_column][\/vc_row][vc_row][vc_column][vc_separator][\/vc_column][\/vc_row]<\/p>\n","protected":false},"excerpt":{"rendered":"<p>[vc_row][vc_column][\/vc_column][\/vc_row][vc_row][vc_column][vc_separator][\/vc_column][\/vc_row]<\/p>\n","protected":false},"author":1,"featured_media":0,"parent":0,"menu_order":0,"comment_status":"closed","ping_status":"closed","template":"","meta":{"footnotes":""},"class_list":["post-3176","page","type-page","status-publish","hentry"],"yoast_head":"<!-- This site is optimized with the Yoast SEO plugin v22.6 - https:\/\/yoast.com\/wordpress\/plugins\/seo\/ -->\n<title>Pren\u00e1jom priestorov - DK Trnava<\/title>\n<meta name=\"robots\" content=\"index, follow, max-snippet:-1, max-image-preview:large, max-video-preview:-1\" \/>\n<link rel=\"canonical\" href=\"https:\/\/www.dktrnava.sk\/?page_id=3176\" \/>\n<meta property=\"og:locale\" content=\"sk_SK\" \/>\n<meta property=\"og:type\" content=\"article\" \/>\n<meta property=\"og:title\" content=\"Pren\u00e1jom priestorov - DK Trnava\" \/>\n<meta property=\"og:description\" content=\"[vc_row][vc_column][\/vc_column][\/vc_row][vc_row][vc_column][vc_separator][\/vc_column][\/vc_row]\" \/>\n<meta property=\"og:url\" content=\"https:\/\/www.dktrnava.sk\/?page_id=3176\" \/>\n<meta property=\"og:site_name\" content=\"DK Trnava\" \/>\n<meta property=\"article:modified_time\" content=\"2023-04-19T22:05:35+00:00\" \/>\n<meta name=\"twitter:card\" content=\"summary_large_image\" \/>\n<script type=\"application\/ld+json\" class=\"yoast-schema-graph\">{\"@context\":\"https:\/\/schema.org\",\"@graph\":[{\"@type\":\"WebPage\",\"@id\":\"https:\/\/www.dktrnava.sk\/?page_id=3176\",\"url\":\"https:\/\/www.dktrnava.sk\/?page_id=3176\",\"name\":\"Pren\u00e1jom priestorov - DK Trnava\",\"isPartOf\":{\"@id\":\"https:\/\/www.dktrnava.sk\/#website\"},\"datePublished\":\"2021-09-02T08:53:29+00:00\",\"dateModified\":\"2023-04-19T22:05:35+00:00\",\"breadcrumb\":{\"@id\":\"https:\/\/www.dktrnava.sk\/?page_id=3176#breadcrumb\"},\"inLanguage\":\"sk-SK\",\"potentialAction\":[{\"@type\":\"ReadAction\",\"target\":[\"https:\/\/www.dktrnava.sk\/?page_id=3176\"]}]},{\"@type\":\"BreadcrumbList\",\"@id\":\"https:\/\/www.dktrnava.sk\/?page_id=3176#breadcrumb\",\"itemListElement\":[{\"@type\":\"ListItem\",\"position\":1,\"name\":\"Home\",\"item\":\"https:\/\/www.dktrnava.sk\/\"},{\"@type\":\"ListItem\",\"position\":2,\"name\":\"Pren\u00e1jom priestorov\"}]},{\"@type\":\"WebSite\",\"@id\":\"https:\/\/www.dktrnava.sk\/#website\",\"url\":\"https:\/\/www.dktrnava.sk\/\",\"name\":\"DK Trnava\",\"description\":\"Dom kult\u00fary Trnava (DK Trnava) je dominantnou s\u00fa\u010das\u0165ou centra mesta od roku 1987. V samotnom centre Trnavy m\u00f4\u017eete pod jednou strechou za\u017ei\u0165 kult\u00farne podujatia najlep\u0161\u00edch slovensk\u00fdch hercov a spev\u00e1kov, nave\u010dera\u0165 sa v jednej z najluxusnej\u0161\u00edch re\u0161taur\u00e1cii v meste alebo vyu\u017ei\u0165 bohat\u00e9 mo\u017enosti n\u00e1kupov a slu\u017eieb.\",\"potentialAction\":[{\"@type\":\"SearchAction\",\"target\":{\"@type\":\"EntryPoint\",\"urlTemplate\":\"https:\/\/www.dktrnava.sk\/?s={search_term_string}\"},\"query-input\":\"required name=search_term_string\"}],\"inLanguage\":\"sk-SK\"}]}<\/script>\n<!-- \/ Yoast SEO plugin. -->","yoast_head_json":{"title":"Pren\u00e1jom priestorov - DK Trnava","robots":{"index":"index","follow":"follow","max-snippet":"max-snippet:-1","max-image-preview":"max-image-preview:large","max-video-preview":"max-video-preview:-1"},"canonical":"https:\/\/www.dktrnava.sk\/?page_id=3176","og_locale":"sk_SK","og_type":"article","og_title":"Pren\u00e1jom priestorov - DK Trnava","og_description":"[vc_row][vc_column][\/vc_column][\/vc_row][vc_row][vc_column][vc_separator][\/vc_column][\/vc_row]","og_url":"https:\/\/www.dktrnava.sk\/?page_id=3176","og_site_name":"DK Trnava","article_modified_time":"2023-04-19T22:05:35+00:00","twitter_card":"summary_large_image","schema":{"@context":"https:\/\/schema.org","@graph":[{"@type":"WebPage","@id":"https:\/\/www.dktrnava.sk\/?page_id=3176","url":"https:\/\/www.dktrnava.sk\/?page_id=3176","name":"Pren\u00e1jom priestorov - DK Trnava","isPartOf":{"@id":"https:\/\/www.dktrnava.sk\/#website"},"datePublished":"2021-09-02T08:53:29+00:00","dateModified":"2023-04-19T22:05:35+00:00","breadcrumb":{"@id":"https:\/\/www.dktrnava.sk\/?page_id=3176#breadcrumb"},"inLanguage":"sk-SK","potentialAction":[{"@type":"ReadAction","target":["https:\/\/www.dktrnava.sk\/?page_id=3176"]}]},{"@type":"BreadcrumbList","@id":"https:\/\/www.dktrnava.sk\/?page_id=3176#breadcrumb","itemListElement":[{"@type":"ListItem","position":1,"name":"Home","item":"https:\/\/www.dktrnava.sk\/"},{"@type":"ListItem","position":2,"name":"Pren\u00e1jom priestorov"}]},{"@type":"WebSite","@id":"https:\/\/www.dktrnava.sk\/#website","url":"https:\/\/www.dktrnava.sk\/","name":"DK Trnava","description":"Dom kult\u00fary Trnava (DK Trnava) je dominantnou s\u00fa\u010das\u0165ou centra mesta od roku 1987. V samotnom centre Trnavy m\u00f4\u017eete pod jednou strechou za\u017ei\u0165 kult\u00farne podujatia najlep\u0161\u00edch slovensk\u00fdch hercov a spev\u00e1kov, nave\u010dera\u0165 sa v jednej z najluxusnej\u0161\u00edch re\u0161taur\u00e1cii v meste alebo vyu\u017ei\u0165 bohat\u00e9 mo\u017enosti n\u00e1kupov a slu\u017eieb.","potentialAction":[{"@type":"SearchAction","target":{"@type":"EntryPoint","urlTemplate":"https:\/\/www.dktrnava.sk\/?s={search_term_string}"},"query-input":"required name=search_term_string"}],"inLanguage":"sk-SK"}]}},"_links":{"self":[{"href":"https:\/\/www.dktrnava.sk\/index.php?rest_route=\/wp\/v2\/pages\/3176","targetHints":{"allow":["GET"]}}],"collection":[{"href":"https:\/\/www.dktrnava.sk\/index.php?rest_route=\/wp\/v2\/pages"}],"about":[{"href":"https:\/\/www.dktrnava.sk\/index.php?rest_route=\/wp\/v2\/types\/page"}],"author":[{"embeddable":true,"href":"https:\/\/www.dktrnava.sk\/index.php?rest_route=\/wp\/v2\/users\/1"}],"replies":[{"embeddable":true,"href":"https:\/\/www.dktrnava.sk\/index.php?rest_route=%2Fwp%2Fv2%2Fcomments&post=3176"}],"version-history":[{"count":25,"href":"https:\/\/www.dktrnava.sk\/index.php?rest_route=\/wp\/v2\/pages\/3176\/revisions"}],"predecessor-version":[{"id":4657,"href":"https:\/\/www.dktrnava.sk\/index.php?rest_route=\/wp\/v2\/pages\/3176\/revisions\/4657"}],"wp:attachment":[{"href":"https:\/\/www.dktrnava.sk\/index.php?rest_route=%2Fwp%2Fv2%2Fmedia&parent=3176"}],"curies":[{"name":"wp","href":"https:\/\/api.w.org\/{rel}","templated":true}]}}