{"id":3171,"date":"2021-09-15T05:31:11","date_gmt":"2021-09-15T05:31:11","guid":{"rendered":"http:\/\/kamleshyadav.com\/wp\/thetranquil\/main-site\/?page_id=3171"},"modified":"2023-05-15T06:51:27","modified_gmt":"2023-05-15T06:51:27","slug":"home","status":"publish","type":"page","link":"https:\/\/www.dktrnava.sk\/","title":{"rendered":"Dom kult\u00fary Trnava"},"content":{"rendered":"<p>[vc_row css=&#8220;.vc_custom_1544242919537{padding-bottom: 0px !important;}&#8220;][vc_column][rev_slider_vc alias=&#8220;home1-1&#8243;][\/vc_column][\/vc_row][vc_row css=&#8220;.vc_custom_1553766738465{padding-top: 80px !important;padding-bottom: 45px !important;}&#8220;][vc_column width=&#8220;1\/2&#8243;][vc_single_image image=&#8220;4235&#8243; img_size=&#8220;full&#8220;][\/vc_column][vc_column width=&#8220;1\/2&#8243; el_class=&#8220;trhotel_about&#8220;]<div class=\"tv_heading_style2 text-left tr_heading_dynamic\"><h5  class=\"tv_heading2_sub_title\">O n\u00e1s<\/h5><h1  class=\"tv_heading2_title\">Dom kult\u00fary Trnava<\/h1><\/div>[vc_column_text css=&#8220;.vc_custom_1656345329614{margin-bottom: 15px !important;}&#8220;]<strong>Dom kult\u00fary Trnava (DK Trnava) je dominantnou s\u00fa\u010das\u0165ou centra mesta od roku 1987.<\/strong><\/p>\n<p>Zistite viac o rekon\u0161trukciach a prestavb\u00e1ch vonkaj\u0161\u00edch priestorov, vybudovn\u00ed obchodn\u00fdch prev\u00e1dzok.<\/p>\n<p>S\u00fa\u010das\u0165ou DK Trnava je unik\u00e1tna s\u00e1la s kinov\u00fdm seden\u00edm s kapacitou 725 miest na sedenie, ktor\u00fa je pod\u013ea po\u017eiadaviek mo\u017en\u00e9 upravi\u0165 na s\u00e1lu so stolov\u00fdm seden\u00edm s kapacitou cca 400 miest na sedenie + tane\u010dn\u00fd parket.<\/p>\n<p><strong>V samotnom centre Trnavy<\/strong> m\u00f4\u017eete pod jednou strechou za\u017ei\u0165 <strong>kult\u00farne podujatia<\/strong> najlep\u0161\u00edch slovensk\u00fdch hercov a spev\u00e1kov, nave\u010dera\u0165 sa v jednej z najluxusnej\u0161\u00edch re\u0161taur\u00e1cii v meste alebo vyu\u017ei\u0165 <strong>bohat\u00e9 mo\u017enosti n\u00e1kupov a slu\u017eieb.<\/strong><\/p>\n<p><a href=\"https:\/\/www.dktrnava.sk\/?page_id=2288\">Zistite viac<\/a>[\/vc_column_text][\/vc_column][\/vc_row][vc_row full_width=&#8220;stretch_row&#8220; css=&#8220;.vc_custom_1553165519681{padding-top: 41px !important;padding-bottom: 50px !important;background-image: url(https:\/\/www.dktrnava.sk\/wp-content\/uploads\/2019\/02\/gallery-1.jpg?id=3770) !important;background-position: center !important;background-repeat: no-repeat !important;background-size: cover !important;}&#8220;][vc_column][vc_row_inner][vc_column_inner width=&#8220;1\/6&#8243;][\/vc_column_inner][vc_column_inner width=&#8220;2\/3&#8243;]<div class=\"tv_heading_style2 text-center \"><h5 style=color:#b08d54 class=\"tv_heading2_sub_title\">Slu\u017eby<\/h5><h1 style=color:#ffffff class=\"tv_heading2_title\">Ponuka slu\u017eieb v DK Trnava<\/h1><\/div>[\/vc_column_inner][vc_column_inner width=&#8220;1\/6&#8243;][\/vc_column_inner][\/vc_row_inner]<div class=\"tv_team_wrapper\"> \r\n\t\t\t\t\t\t\t<div class=\"row\"><div class=\"col-lg-4 col-md-6\"><a href=\"\/?page_id=3176\"><div class=\"tv_team2_box\"><div class=\"tv_team_img\">\r\n\t\t\t\t\t\t\t\t\t\t  \t\t      <img decoding=\"async\" src=\"https:\/\/www.dktrnava.sk\/wp-content\/uploads\/2018\/11\/prenajom-priestorov-trnava.jpg\" alt=\"team_style_secod\"> \r\n\t\t\t\t\t\t\t\t\t\t\t       <\/div><div class=\"tv_team_data\">\t\t\t\t\t\r\n\t\t\t\t\t\t\t\t\t\t\t\t\t\t<!--<ul class=\"tv_team_social\"><li><a href=\"\"><span class=\"fa fa-facebook\"><\/span><\/a><\/li><li><a href=\"\"><span class=\"fa fa-twitter\"><\/span><\/a><\/li><li><a href=\"\"><span class=\"fa fa-linkedin\"><\/span><\/a><\/li><li><a href=\"\"><span class=\"fa fa-instagram\"><\/span><\/a><\/li><\/ul>-->\r\n\t\t\t\t\t\t\t\t\t\t\t           <h2>Pren\u00e1jom priestorov<\/h2><h4 class=\"tv_team_deg\">Dlhodb\u00fd a kr\u00e1tkodob\u00fd<\/h4><\/div>\r\n\t\t\t\t\t\t\t\t\t<\/div><\/a>\r\n\t\t\t\t\t\t\t\t<\/div><div class=\"col-lg-4 col-md-6\"><a href=\"\/?page_id=2423\"><div class=\"tv_team2_box\"><div class=\"tv_team_img\">\r\n\t\t\t\t\t\t\t\t\t\t  \t\t      <img decoding=\"async\" src=\"https:\/\/www.dktrnava.sk\/wp-content\/uploads\/2018\/11\/nakupna-zona-trnava.jpg\" alt=\"team_style_secod\"> \r\n\t\t\t\t\t\t\t\t\t\t\t       <\/div><div class=\"tv_team_data\">\t\t\t\t\t\r\n\t\t\t\t\t\t\t\t\t\t\t\t\t\t<!--<ul class=\"tv_team_social\"><li><a href=\"\"><span class=\"fa fa-facebook\"><\/span><\/a><\/li><li><a href=\"\"><span class=\"fa fa-twitter\"><\/span><\/a><\/li><li><a href=\"\"><span class=\"fa fa-linkedin\"><\/span><\/a><\/li><li><a href=\"\"><span class=\"fa fa-instagram\"><\/span><\/a><\/li><\/ul>-->\r\n\t\t\t\t\t\t\t\t\t\t\t           <h2>N\u00e1kupn\u00e1 z\u00f3na<\/h2><h4 class=\"tv_team_deg\">Obchodn\u00e9 prev\u00e1dzky<\/h4><\/div>\r\n\t\t\t\t\t\t\t\t\t<\/div><\/a>\r\n\t\t\t\t\t\t\t\t<\/div><div class=\"col-lg-4 col-md-6\"><a href=\"\/?page_id=2856\"><div class=\"tv_team2_box\"><div class=\"tv_team_img\">\r\n\t\t\t\t\t\t\t\t\t\t  \t\t      <img decoding=\"async\" src=\"https:\/\/www.dktrnava.sk\/wp-content\/uploads\/2018\/10\/kulturne-podujatia-trnava.jpg\" alt=\"team_style_secod\"> \r\n\t\t\t\t\t\t\t\t\t\t\t       <\/div><div class=\"tv_team_data\">\t\t\t\t\t\r\n\t\t\t\t\t\t\t\t\t\t\t\t\t\t<!--<ul class=\"tv_team_social\"><li><a href=\"\"><span class=\"fa fa-facebook\"><\/span><\/a><\/li><li><a href=\"\"><span class=\"fa fa-twitter\"><\/span><\/a><\/li><li><a href=\"\"><span class=\"fa fa-linkedin\"><\/span><\/a><\/li><li><a href=\"\"><span class=\"fa fa-instagram\"><\/span><\/a><\/li><\/ul>-->\r\n\t\t\t\t\t\t\t\t\t\t\t           <h2>Kult\u00farne podujatia<\/h2><h4 class=\"tv_team_deg\">Divadlo a koncerty<\/h4><\/div>\r\n\t\t\t\t\t\t\t\t\t<\/div><\/a>\r\n\t\t\t\t\t\t\t\t<\/div><\/div>\r\n\t\t\t\t\t<\/div>[\/vc_column][\/vc_row][vc_row css=&#8220;.vc_custom_1553162269874{padding-top: 41px !important;padding-bottom: 40px !important;}&#8220;][vc_column]<div class=\"tv_heading_style2 text-center \"><h5 style=color:#b08d54 class=\"tv_heading2_sub_title\">Podujatia<\/h5><h1 style=color:#222222 class=\"tv_heading2_title\">Kult\u00farne podujatia<\/h1><\/div><div class=\"full_width latest_news_section\">\r\n\t\t\t\t<div class=\"row\"><div class=\"col-lg-4 col-md-4 col-sm-6\">\r\n\t\t\t\t\t\t\t\t\t\t<div class=\"latest_news_wrapper\"><div class=\"news_thumb_wrapper\">\r\n\t\t\t\t\t\t\t\t\t\t\t     <a href=\"https:\/\/www.dktrnava.sk\/?p=5367\">\r\n\t\t\t\t\t\t\t\t\t\t\t\t  <img decoding=\"async\" src=\"https:\/\/www.dktrnava.sk\/wp-content\/uploads\/2026\/02\/orig_Hanicka_Pisnicka_26_27_2026210102433-370x233.jpg\" alt=\"image\" class=\"img-responsive\"><\/a>\r\n\t\t\t\t\t\t\t\t\t\t\t\t\t <div class=\"latest_news_overlay\">\r\n\t\t\t\t\t\t\t\t\t\t\t\t\t\t<div class=\"tv_post_date\"><span class=\"date_number\">11.<\/span><span class=\"date_month\"> Marec<\/span><span class=\"date_year\"> 2027<\/span><span class=\"date_year\"> - 19:00<\/span><\/div> \r\n\t\t\t\t\t\t\t\t\t\t             <\/div>\r\n\t\t\t\t\t\t\t\t\t\t\t   <\/div><div class=\"latest_news_desc\">\r\n\t\t\t\t\t\t\t\t\t\t\t\t <h4><a href=\"https:\/\/www.dktrnava.sk\/?p=5367\">Hani\u010dka P\u00edsni\u010dka<\/a><\/h4>\r\n\t\t\t\t\t\t\t\t\t\t\t\t<div class=\"travel_meta\">\r\n\t\t\t\t\t\t\t\t\t\t\t\t<ul><li>\r\n\t\t\t                                          <a href=\"https:\/\/www.dktrnava.sk\/?author=4\"><img decoding=\"async\" src=\"https:\/\/secure.gravatar.com\/avatar\/?s=96&#038;d=mm&#038;r=g\" alt=\"country\">By dktrnavauser<\/a>\r\n\t\t\t                                        <\/li><\/ul>\r\n\t\t\t\t\t\t\t\t\t\t\t<\/div><p>Jedna z najv\u00e4\u010d\u0161\u00edch hviezd a st\u00e1lic \u010deskej popul\u00e1rnej sc\u00e9ny, spev\u00e1\u010dka, text\u00e1rka a here\u010dka. Behom svojej spev\u00e1ckej kari\u00e9ry...<\/p><div class=\"news_read_more\">\r\n\t\t\t\t\t\t\t\t\t\t\t\t\t\t <a href=\"https:\/\/www.dktrnava.sk\/?p=5367\" class=\"tv_btn\">Zistite viac<\/a>\r\n\t\t\t\t\t\t\t\t\t\t\t\t\t <\/div>\r\n\t\t\t\t\t\t\t\t\t\t\t <\/div>\r\n\t\t\t\t\t\t\t\t  <\/div>\r\n\t\t\t\t\t\t\t   <\/div><div class=\"col-lg-4 col-md-4 col-sm-6\">\r\n\t\t\t\t\t\t\t\t\t\t<div class=\"latest_news_wrapper\"><div class=\"news_thumb_wrapper\">\r\n\t\t\t\t\t\t\t\t\t\t\t     <a href=\"https:\/\/www.dktrnava.sk\/?p=5370\">\r\n\t\t\t\t\t\t\t\t\t\t\t\t  <img decoding=\"async\" src=\"https:\/\/www.dktrnava.sk\/wp-content\/uploads\/2026\/02\/orig_The_original_Golden_voices_of_Gospel__USA___202621310583-370x233.jpg\" alt=\"image\" class=\"img-responsive\"><\/a>\r\n\t\t\t\t\t\t\t\t\t\t\t\t\t <div class=\"latest_news_overlay\">\r\n\t\t\t\t\t\t\t\t\t\t\t\t\t\t<div class=\"tv_post_date\"><span class=\"date_number\">07.<\/span><span class=\"date_month\"> Janu\u00e1r<\/span><span class=\"date_year\"> 2027<\/span><span class=\"date_year\"> - 19:00<\/span><\/div> \r\n\t\t\t\t\t\t\t\t\t\t             <\/div>\r\n\t\t\t\t\t\t\t\t\t\t\t   <\/div><div class=\"latest_news_desc\">\r\n\t\t\t\t\t\t\t\t\t\t\t\t <h4><a href=\"https:\/\/www.dktrnava.sk\/?p=5370\">The original Golden voices of Gospel \/USA\/<\/a><\/h4>\r\n\t\t\t\t\t\t\t\t\t\t\t\t<div class=\"travel_meta\">\r\n\t\t\t\t\t\t\t\t\t\t\t\t<ul><li>\r\n\t\t\t                                          <a href=\"https:\/\/www.dktrnava.sk\/?author=4\"><img decoding=\"async\" src=\"https:\/\/secure.gravatar.com\/avatar\/?s=96&#038;d=mm&#038;r=g\" alt=\"country\">By dktrnavauser<\/a>\r\n\t\t\t                                        <\/li><\/ul>\r\n\t\t\t\t\t\t\t\t\t\t\t<\/div><p>Po dlhoro\u010dnom mimoriadne \u00faspe\u0161nom eur\u00f3pskom turn\u00e9 op\u00e4\u0165 zav\u00edta aj k n\u00e1m svetozn\u00e1ma skupina afro-americk\u00fdch hudobn\u00edkov pod veden\u00edm...<\/p><div class=\"news_read_more\">\r\n\t\t\t\t\t\t\t\t\t\t\t\t\t\t <a href=\"https:\/\/www.dktrnava.sk\/?p=5370\" class=\"tv_btn\">Zistite viac<\/a>\r\n\t\t\t\t\t\t\t\t\t\t\t\t\t <\/div>\r\n\t\t\t\t\t\t\t\t\t\t\t <\/div>\r\n\t\t\t\t\t\t\t\t  <\/div>\r\n\t\t\t\t\t\t\t   <\/div><div class=\"col-lg-4 col-md-4 col-sm-6\">\r\n\t\t\t\t\t\t\t\t\t\t<div class=\"latest_news_wrapper\"><div class=\"news_thumb_wrapper\">\r\n\t\t\t\t\t\t\t\t\t\t\t     <a href=\"https:\/\/www.dktrnava.sk\/?p=5403\">\r\n\t\t\t\t\t\t\t\t\t\t\t\t  <img decoding=\"async\" src=\"https:\/\/www.dktrnava.sk\/wp-content\/uploads\/2026\/04\/orig_JOZEF_HOLLY_PIANO_SHOW_2026__ASTURIAS__202635104944-370x233.jpg\" alt=\"image\" class=\"img-responsive\"><\/a>\r\n\t\t\t\t\t\t\t\t\t\t\t\t\t <div class=\"latest_news_overlay\">\r\n\t\t\t\t\t\t\t\t\t\t\t\t\t\t<div class=\"tv_post_date\"><span class=\"date_number\">28.<\/span><span class=\"date_month\"> December<\/span><span class=\"date_year\"> 2026<\/span><span class=\"date_year\"> - 18:00<\/span><\/div> \r\n\t\t\t\t\t\t\t\t\t\t             <\/div>\r\n\t\t\t\t\t\t\t\t\t\t\t   <\/div><div class=\"latest_news_desc\">\r\n\t\t\t\t\t\t\t\t\t\t\t\t <h4><a href=\"https:\/\/www.dktrnava.sk\/?p=5403\">JOZEF HOLLY PIANO SHOW 2026<\/a><\/h4>\r\n\t\t\t\t\t\t\t\t\t\t\t\t<div class=\"travel_meta\">\r\n\t\t\t\t\t\t\t\t\t\t\t\t<ul><li>\r\n\t\t\t                                          <a href=\"https:\/\/www.dktrnava.sk\/?author=4\"><img decoding=\"async\" src=\"https:\/\/secure.gravatar.com\/avatar\/?s=96&#038;d=mm&#038;r=g\" alt=\"country\">By dktrnavauser<\/a>\r\n\t\t\t                                        <\/li><\/ul>\r\n\t\t\t\t\t\t\t\t\t\t\t<\/div><p>Vstupenky zak\u00fapite TU: https:\/\/www.ticketportal.sk\/event\/JOZEF-HOLLY-PIANO-SHOW-2026?idp=212396 Upozor\u0148ujeme, \u017ee priestory Domu kult\u00fary nie s\u00fa bezbari\u00e9rov\u00e9!<\/p><div class=\"news_read_more\">\r\n\t\t\t\t\t\t\t\t\t\t\t\t\t\t <a href=\"https:\/\/www.dktrnava.sk\/?p=5403\" class=\"tv_btn\">Zistite viac<\/a>\r\n\t\t\t\t\t\t\t\t\t\t\t\t\t <\/div>\r\n\t\t\t\t\t\t\t\t\t\t\t <\/div>\r\n\t\t\t\t\t\t\t\t  <\/div>\r\n\t\t\t\t\t\t\t   <\/div><\/div><\/div>[\/vc_column][\/vc_row]<\/p>\n","protected":false},"excerpt":{"rendered":"<p>[vc_row css=&#8220;.vc_custom_1544242919537{padding-bottom: 0px !important;}&#8220;][vc_column][rev_slider_vc alias=&#8220;home1-1&#8243;][\/vc_column][\/vc_row][vc_row css=&#8220;.vc_custom_1553766738465{padding-top: 80px !important;padding-bottom: 45px !important;}&#8220;][vc_column width=&#8220;1\/2&#8243;][vc_single_image image=&#8220;4235&#8243; img_size=&#8220;full&#8220;][\/vc_column][vc_column width=&#8220;1\/2&#8243; el_class=&#8220;trhotel_about&#8220;][vc_column_text css=&#8220;.vc_custom_1656345329614{margin-bottom: 15px !important;}&#8220;]Dom kult\u00fary Trnava (DK Trnava) je dominantnou s\u00fa\u010das\u0165ou centra mesta od roku 1987. Zistite viac o rekon\u0161trukciach a prestavb\u00e1ch vonkaj\u0161\u00edch priestorov, vybudovn\u00ed obchodn\u00fdch prev\u00e1dzok. S\u00fa\u010das\u0165ou DK Trnava je unik\u00e1tna s\u00e1la s kinov\u00fdm seden\u00edm s kapacitou 725 miest na [&hellip;]<\/p>\n","protected":false},"author":1,"featured_media":0,"parent":0,"menu_order":0,"comment_status":"closed","ping_status":"closed","template":"","meta":{"footnotes":""},"class_list":["post-3171","page","type-page","status-publish","hentry"],"yoast_head":"<!-- This site is optimized with the Yoast SEO plugin v22.6 - https:\/\/yoast.com\/wordpress\/plugins\/seo\/ -->\n<title>Dom kult\u00fary Trnava - DK Trnava<\/title>\n<meta name=\"robots\" content=\"index, follow, max-snippet:-1, max-image-preview:large, max-video-preview:-1\" \/>\n<link rel=\"canonical\" href=\"https:\/\/www.dktrnava.sk\/\" \/>\n<meta property=\"og:locale\" content=\"sk_SK\" \/>\n<meta property=\"og:type\" content=\"article\" \/>\n<meta property=\"og:title\" content=\"Dom kult\u00fary Trnava - DK Trnava\" \/>\n<meta property=\"og:description\" content=\"[vc_row css=&#8220;.vc_custom_1544242919537{padding-bottom: 0px !important;}&#8220;][vc_column][rev_slider_vc alias=&#8220;home1-1&#8243;][\/vc_column][\/vc_row][vc_row css=&#8220;.vc_custom_1553766738465{padding-top: 80px !important;padding-bottom: 45px !important;}&#8220;][vc_column width=&#8220;1\/2&#8243;][vc_single_image image=&#8220;4235&#8243; img_size=&#8220;full&#8220;][\/vc_column][vc_column width=&#8220;1\/2&#8243; el_class=&#8220;trhotel_about&#8220;][vc_column_text css=&#8220;.vc_custom_1656345329614{margin-bottom: 15px !important;}&#8220;]Dom kult\u00fary Trnava (DK Trnava) je dominantnou s\u00fa\u010das\u0165ou centra mesta od roku 1987. Zistite viac o rekon\u0161trukciach a prestavb\u00e1ch vonkaj\u0161\u00edch priestorov, vybudovn\u00ed obchodn\u00fdch prev\u00e1dzok. S\u00fa\u010das\u0165ou DK Trnava je unik\u00e1tna s\u00e1la s kinov\u00fdm seden\u00edm s kapacitou 725 miest na [&hellip;]\" \/>\n<meta property=\"og:url\" content=\"https:\/\/www.dktrnava.sk\/\" \/>\n<meta property=\"og:site_name\" content=\"DK Trnava\" \/>\n<meta property=\"article:modified_time\" content=\"2023-05-15T06:51:27+00:00\" \/>\n<meta name=\"twitter:card\" content=\"summary_large_image\" \/>\n<meta name=\"twitter:label1\" content=\"Predpokladan\u00fd \u010das \u010d\u00edtania\" \/>\n\t<meta name=\"twitter:data1\" content=\"2 min\u00faty\" \/>\n<script type=\"application\/ld+json\" class=\"yoast-schema-graph\">{\"@context\":\"https:\/\/schema.org\",\"@graph\":[{\"@type\":\"WebPage\",\"@id\":\"https:\/\/www.dktrnava.sk\/\",\"url\":\"https:\/\/www.dktrnava.sk\/\",\"name\":\"Dom kult\u00fary Trnava - DK Trnava\",\"isPartOf\":{\"@id\":\"https:\/\/www.dktrnava.sk\/#website\"},\"datePublished\":\"2021-09-15T05:31:11+00:00\",\"dateModified\":\"2023-05-15T06:51:27+00:00\",\"breadcrumb\":{\"@id\":\"https:\/\/www.dktrnava.sk\/#breadcrumb\"},\"inLanguage\":\"sk-SK\",\"potentialAction\":[{\"@type\":\"ReadAction\",\"target\":[\"https:\/\/www.dktrnava.sk\/\"]}]},{\"@type\":\"BreadcrumbList\",\"@id\":\"https:\/\/www.dktrnava.sk\/#breadcrumb\",\"itemListElement\":[{\"@type\":\"ListItem\",\"position\":1,\"name\":\"Home\",\"item\":\"https:\/\/www.dktrnava.sk\/\"},{\"@type\":\"ListItem\",\"position\":2,\"name\":\"Dom kult\u00fary Trnava\"}]},{\"@type\":\"WebSite\",\"@id\":\"https:\/\/www.dktrnava.sk\/#website\",\"url\":\"https:\/\/www.dktrnava.sk\/\",\"name\":\"DK Trnava\",\"description\":\"Dom kult\u00fary Trnava (DK Trnava) je dominantnou s\u00fa\u010das\u0165ou centra mesta od roku 1987. V samotnom centre Trnavy m\u00f4\u017eete pod jednou strechou za\u017ei\u0165 kult\u00farne podujatia najlep\u0161\u00edch slovensk\u00fdch hercov a spev\u00e1kov, nave\u010dera\u0165 sa v jednej z najluxusnej\u0161\u00edch re\u0161taur\u00e1cii v meste alebo vyu\u017ei\u0165 bohat\u00e9 mo\u017enosti n\u00e1kupov a slu\u017eieb.\",\"potentialAction\":[{\"@type\":\"SearchAction\",\"target\":{\"@type\":\"EntryPoint\",\"urlTemplate\":\"https:\/\/www.dktrnava.sk\/?s={search_term_string}\"},\"query-input\":\"required name=search_term_string\"}],\"inLanguage\":\"sk-SK\"}]}<\/script>\n<!-- \/ Yoast SEO plugin. -->","yoast_head_json":{"title":"Dom kult\u00fary Trnava - DK Trnava","robots":{"index":"index","follow":"follow","max-snippet":"max-snippet:-1","max-image-preview":"max-image-preview:large","max-video-preview":"max-video-preview:-1"},"canonical":"https:\/\/www.dktrnava.sk\/","og_locale":"sk_SK","og_type":"article","og_title":"Dom kult\u00fary Trnava - DK Trnava","og_description":"[vc_row css=&#8220;.vc_custom_1544242919537{padding-bottom: 0px !important;}&#8220;][vc_column][rev_slider_vc alias=&#8220;home1-1&#8243;][\/vc_column][\/vc_row][vc_row css=&#8220;.vc_custom_1553766738465{padding-top: 80px !important;padding-bottom: 45px !important;}&#8220;][vc_column width=&#8220;1\/2&#8243;][vc_single_image image=&#8220;4235&#8243; img_size=&#8220;full&#8220;][\/vc_column][vc_column width=&#8220;1\/2&#8243; el_class=&#8220;trhotel_about&#8220;][vc_column_text css=&#8220;.vc_custom_1656345329614{margin-bottom: 15px !important;}&#8220;]Dom kult\u00fary Trnava (DK Trnava) je dominantnou s\u00fa\u010das\u0165ou centra mesta od roku 1987. Zistite viac o rekon\u0161trukciach a prestavb\u00e1ch vonkaj\u0161\u00edch priestorov, vybudovn\u00ed obchodn\u00fdch prev\u00e1dzok. S\u00fa\u010das\u0165ou DK Trnava je unik\u00e1tna s\u00e1la s kinov\u00fdm seden\u00edm s kapacitou 725 miest na [&hellip;]","og_url":"https:\/\/www.dktrnava.sk\/","og_site_name":"DK Trnava","article_modified_time":"2023-05-15T06:51:27+00:00","twitter_card":"summary_large_image","twitter_misc":{"Predpokladan\u00fd \u010das \u010d\u00edtania":"2 min\u00faty"},"schema":{"@context":"https:\/\/schema.org","@graph":[{"@type":"WebPage","@id":"https:\/\/www.dktrnava.sk\/","url":"https:\/\/www.dktrnava.sk\/","name":"Dom kult\u00fary Trnava - DK Trnava","isPartOf":{"@id":"https:\/\/www.dktrnava.sk\/#website"},"datePublished":"2021-09-15T05:31:11+00:00","dateModified":"2023-05-15T06:51:27+00:00","breadcrumb":{"@id":"https:\/\/www.dktrnava.sk\/#breadcrumb"},"inLanguage":"sk-SK","potentialAction":[{"@type":"ReadAction","target":["https:\/\/www.dktrnava.sk\/"]}]},{"@type":"BreadcrumbList","@id":"https:\/\/www.dktrnava.sk\/#breadcrumb","itemListElement":[{"@type":"ListItem","position":1,"name":"Home","item":"https:\/\/www.dktrnava.sk\/"},{"@type":"ListItem","position":2,"name":"Dom kult\u00fary Trnava"}]},{"@type":"WebSite","@id":"https:\/\/www.dktrnava.sk\/#website","url":"https:\/\/www.dktrnava.sk\/","name":"DK Trnava","description":"Dom kult\u00fary Trnava (DK Trnava) je dominantnou s\u00fa\u010das\u0165ou centra mesta od roku 1987. V samotnom centre Trnavy m\u00f4\u017eete pod jednou strechou za\u017ei\u0165 kult\u00farne podujatia najlep\u0161\u00edch slovensk\u00fdch hercov a spev\u00e1kov, nave\u010dera\u0165 sa v jednej z najluxusnej\u0161\u00edch re\u0161taur\u00e1cii v meste alebo vyu\u017ei\u0165 bohat\u00e9 mo\u017enosti n\u00e1kupov a slu\u017eieb.","potentialAction":[{"@type":"SearchAction","target":{"@type":"EntryPoint","urlTemplate":"https:\/\/www.dktrnava.sk\/?s={search_term_string}"},"query-input":"required name=search_term_string"}],"inLanguage":"sk-SK"}]}},"_links":{"self":[{"href":"https:\/\/www.dktrnava.sk\/index.php?rest_route=\/wp\/v2\/pages\/3171","targetHints":{"allow":["GET"]}}],"collection":[{"href":"https:\/\/www.dktrnava.sk\/index.php?rest_route=\/wp\/v2\/pages"}],"about":[{"href":"https:\/\/www.dktrnava.sk\/index.php?rest_route=\/wp\/v2\/types\/page"}],"author":[{"embeddable":true,"href":"https:\/\/www.dktrnava.sk\/index.php?rest_route=\/wp\/v2\/users\/1"}],"replies":[{"embeddable":true,"href":"https:\/\/www.dktrnava.sk\/index.php?rest_route=%2Fwp%2Fv2%2Fcomments&post=3171"}],"version-history":[{"count":16,"href":"https:\/\/www.dktrnava.sk\/index.php?rest_route=\/wp\/v2\/pages\/3171\/revisions"}],"predecessor-version":[{"id":4679,"href":"https:\/\/www.dktrnava.sk\/index.php?rest_route=\/wp\/v2\/pages\/3171\/revisions\/4679"}],"wp:attachment":[{"href":"https:\/\/www.dktrnava.sk\/index.php?rest_route=%2Fwp%2Fv2%2Fmedia&parent=3171"}],"curies":[{"name":"wp","href":"https:\/\/api.w.org\/{rel}","templated":true}]}}